{"id":88,"date":"2026-03-30T18:51:35","date_gmt":"2026-03-30T11:51:35","guid":{"rendered":"https:\/\/artugo.shop\/?post_type=product&#038;p=88"},"modified":"2026-04-06T09:32:27","modified_gmt":"2026-04-06T02:32:27","slug":"artugo-kompor-tanam-gaz-2-tungku-70-cm-ah-2715-mb","status":"publish","type":"product","link":"https:\/\/artugo.shop\/fr\/product\/artugo-kompor-tanam-gas-2-tungku-70-cm-ah-2715-mb\/","title":{"rendered":"ARTUGO Kompor Tanam Gas 2 Tungku 70 cm AH 2715 Mo"},"content":{"rendered":"<p>Plaque de cuisson \u00e0 gaz encastrable AH 2715 MB<\/p>\n<p>Sp\u00e9cification:<\/p>\n<p>R\u00e9duisez l&#039;espace de cuisson.<\/p>\n<p>br\u00fbleurs enti\u00e8rement en laiton<\/p>\n<p>Utilisation tactile simple<\/p>\n<p>Grille de protection thermique sp\u00e9ciale<\/p>\n<p>Sp\u00e9cifications g\u00e9n\u00e9rales :<\/p>\n<p>Couleur Onyx Noir<br \/>\nQuantit\u00e9\u00a0: 2 br\u00fbleurs enti\u00e8rement en laiton<br \/>\nInstallation int\u00e9gr\u00e9e<br \/>\nS\u00e9curit\u00e9 gaz non<br \/>\nVerre tremp\u00e9<br \/>\nBatterie d&#039;allumage<br \/>\nGrille semi-fonte<br \/>\nDimensions de d\u00e9coupe (L x P) : 630 x 330 mm<br \/>\nDimensions (L x P x H) \/ Poids net : 730 x 430 x 130 mm \/ 11 kg<br \/>\nDimensions de l&#039;emballage (L x P x H) (mm) \/ poids : 802 x 472 x 200 mm \/ 14 kg<\/p>\n<p>Sp\u00e9cifications sp\u00e9ciales :<\/p>\n<p>Bouton en plastique avec cadre en aluminium<br \/>\nVerre non biseaut\u00e9<br \/>\nBatterie incluse<\/p>\n<p>Garantie :<\/p>\n<p>Br\u00fbleurs + allumage 3 ans<br \/>\nVerre tremp\u00e9 \u00e0 vie<br \/>\nAutres pi\u00e8ces d\u00e9tach\u00e9es 1 an<\/p>","protected":false},"excerpt":{"rendered":"<p>Built In Gas Hob AH 2715 MB Specification: Minimize Cooking Space Full Brass burners Simple Touch to Operate Special Heat [&hellip;]<\/p>\n","protected":false},"featured_media":1005,"comment_status":"open","ping_status":"closed","template":"","meta":{"site-sidebar-layout":"default","site-content-layout":"","ast-site-content-layout":"default","site-content-style":"default","site-sidebar-style":"default","ast-global-header-display":"","ast-banner-title-visibility":"","ast-main-header-display":"","ast-hfb-above-header-display":"","ast-hfb-below-header-display":"","ast-hfb-mobile-header-display":"","site-post-title":"","ast-breadcrumbs-content":"","ast-featured-img":"","footer-sml-layout":"","ast-disable-related-posts":"","theme-transparent-header-meta":"default","adv-header-id-meta":"","stick-header-meta":"default","header-above-stick-meta":"","header-main-stick-meta":"","header-below-stick-meta":"","astra-migrate-meta-layouts":"set","ast-page-background-enabled":"default","ast-page-background-meta":{"desktop":{"background-color":"var(--ast-global-color-5)","background-image":"","background-repeat":"repeat","background-position":"center center","background-size":"auto","background-attachment":"scroll","background-type":"","background-media":"","overlay-type":"","overlay-color":"","overlay-opacity":"","overlay-gradient":""},"tablet":{"background-color":"","background-image":"","background-repeat":"repeat","background-position":"center center","background-size":"auto","background-attachment":"scroll","background-type":"","background-media":"","overlay-type":"","overlay-color":"","overlay-opacity":"","overlay-gradient":""},"mobile":{"background-color":"","background-image":"","background-repeat":"repeat","background-position":"center center","background-size":"auto","background-attachment":"scroll","background-type":"","background-media":"","overlay-type":"","overlay-color":"","overlay-opacity":"","overlay-gradient":""}},"ast-content-background-meta":{"desktop":{"background-color":"var(--ast-global-color-4)","background-image":"","background-repeat":"repeat","background-position":"center center","background-size":"auto","background-attachment":"scroll","background-type":"","background-media":"","overlay-type":"","overlay-color":"","overlay-opacity":"","overlay-gradient":""},"tablet":{"background-color":"var(--ast-global-color-4)","background-image":"","background-repeat":"repeat","background-position":"center center","background-size":"auto","background-attachment":"scroll","background-type":"","background-media":"","overlay-type":"","overlay-color":"","overlay-opacity":"","overlay-gradient":""},"mobile":{"background-color":"var(--ast-global-color-4)","background-image":"","background-repeat":"repeat","background-position":"center center","background-size":"auto","background-attachment":"scroll","background-type":"","background-media":"","overlay-type":"","overlay-color":"","overlay-opacity":"","overlay-gradient":""}}},"product_brand":[],"product_cat":[18],"product_tag":[],"class_list":{"0":"post-88","1":"product","2":"type-product","3":"status-publish","4":"has-post-thumbnail","6":"product_cat-built-in-gas-hop","7":"desktop-align-left","8":"tablet-align-left","9":"mobile-align-left","10":"ast-product-gallery-layout-horizontal-slider","11":"ast-product-single-variable","12":"ast-product-tabs-layout-horizontal","14":"first","15":"instock","16":"shipping-taxable","17":"purchasable","18":"product-type-variable"},"aioseo_notices":[],"_links":{"self":[{"href":"https:\/\/artugo.shop\/fr\/wp-json\/wp\/v2\/product\/88","targetHints":{"allow":["GET"]}}],"collection":[{"href":"https:\/\/artugo.shop\/fr\/wp-json\/wp\/v2\/product"}],"about":[{"href":"https:\/\/artugo.shop\/fr\/wp-json\/wp\/v2\/types\/product"}],"replies":[{"embeddable":true,"href":"https:\/\/artugo.shop\/fr\/wp-json\/wp\/v2\/comments?post=88"}],"version-history":[{"count":0,"href":"https:\/\/artugo.shop\/fr\/wp-json\/wp\/v2\/product\/88\/revisions"}],"wp:featuredmedia":[{"embeddable":true,"href":"https:\/\/artugo.shop\/fr\/wp-json\/wp\/v2\/media\/1005"}],"wp:attachment":[{"href":"https:\/\/artugo.shop\/fr\/wp-json\/wp\/v2\/media?parent=88"}],"wp:term":[{"taxonomy":"product_brand","embeddable":true,"href":"https:\/\/artugo.shop\/fr\/wp-json\/wp\/v2\/product_brand?post=88"},{"taxonomy":"product_cat","embeddable":true,"href":"https:\/\/artugo.shop\/fr\/wp-json\/wp\/v2\/product_cat?post=88"},{"taxonomy":"product_tag","embeddable":true,"href":"https:\/\/artugo.shop\/fr\/wp-json\/wp\/v2\/product_tag?post=88"}],"curies":[{"name":"wp","href":"https:\/\/api.w.org\/{rel}","templated":true}]}}