{"id":82,"date":"2026-03-30T18:51:20","date_gmt":"2026-03-30T11:51:20","guid":{"rendered":"https:\/\/artugo.shop\/product\/artugo-kompor-tanam-gas-2-tungku-70-cm-ah-2705-bl-ice-glass-kaca-matt-nano-tech\/"},"modified":"2026-04-06T09:31:13","modified_gmt":"2026-04-06T02:31:13","slug":"artugo-kompor-tanam-gas-2-tungku-70-cm-ah-2705-bl-ice-glass-kaca-matt-nano-tech","status":"publish","type":"product","link":"https:\/\/artugo.shop\/fr\/product\/artugo-kompor-tanam-gas-2-tungku-70-cm-ah-2705-bl-ice-glass-kaca-matt-nano-tech\/","title":{"rendered":"ARTUGO KOMPOR TANAM GAS 2 TUNGKU 70 CM AH 2705 BL VERRE ICE KACA MAT + Nano Tech"},"content":{"rendered":"<p>Built In Gas Hob AH 2705 BL<\/p>\n<p>Sp\u00e9cification<br \/>\nBlack ICE GLASS + Nano Tech<br \/>\nBrass burners<br \/>\nUtilisation tactile simple<br \/>\nGrille de protection thermique sp\u00e9ciale<br \/>\nProtection de s\u00e9curit\u00e9 gaz<\/p>\n<p>Sp\u00e9cifications g\u00e9n\u00e9rales<br \/>\nColor Black ICE<br \/>\nBurner Qty 2 Brass burners<br \/>\nInstallation int\u00e9gr\u00e9e<br \/>\nS\u00e9curit\u00e9 gaz Oui<br \/>\nCooktop Tempered Glass<br \/>\nBatterie d&#039;allumage<br \/>\nGrid Semi Cast Iron + Full heat protector<br \/>\nCut Out WxD (mm) 630 x 330<br \/>\nProduct WxDxH mm\/kg 730x430x130 \/ 11 kg<br \/>\nPacking WxDxH mm\/kg 802x472x200 \/ 14 kg<br \/>\nSp\u00e9cifications sp\u00e9ciales<br \/>\nKnob HARD Plastic with Alu Frame<br \/>\nGlass Straight<br \/>\nBatterie incluse<\/p>\n<p>Garantie<br \/>\nPi\u00e8ce de rechange 1 an<br \/>\nBr\u00fbleurs + allumage 3 ans<br \/>\nTempered Glass Lifetime.<br \/>\ngaransi kaca seumur hidup<\/p>\n<p>Untuk keamanan pengiriman yang lebih maximal , mohon untuk menambahkan Packing kayu<\/p>\n<p>https:\/\/shopee.co.id\/product\/278087374\/28236211359\/<\/p>","protected":false},"excerpt":{"rendered":"<p>AH 2705 BL + Paking Kayu<\/p>","protected":false},"featured_media":997,"comment_status":"open","ping_status":"closed","template":"","meta":{"site-sidebar-layout":"default","site-content-layout":"","ast-site-content-layout":"default","site-content-style":"default","site-sidebar-style":"default","ast-global-header-display":"","ast-banner-title-visibility":"","ast-main-header-display":"","ast-hfb-above-header-display":"","ast-hfb-below-header-display":"","ast-hfb-mobile-header-display":"","site-post-title":"","ast-breadcrumbs-content":"","ast-featured-img":"","footer-sml-layout":"","ast-disable-related-posts":"","theme-transparent-header-meta":"default","adv-header-id-meta":"","stick-header-meta":"default","header-above-stick-meta":"","header-main-stick-meta":"","header-below-stick-meta":"","astra-migrate-meta-layouts":"set","ast-page-background-enabled":"default","ast-page-background-meta":{"desktop":{"background-color":"var(--ast-global-color-5)","background-image":"","background-repeat":"repeat","background-position":"center center","background-size":"auto","background-attachment":"scroll","background-type":"","background-media":"","overlay-type":"","overlay-color":"","overlay-opacity":"","overlay-gradient":""},"tablet":{"background-color":"","background-image":"","background-repeat":"repeat","background-position":"center center","background-size":"auto","background-attachment":"scroll","background-type":"","background-media":"","overlay-type":"","overlay-color":"","overlay-opacity":"","overlay-gradient":""},"mobile":{"background-color":"","background-image":"","background-repeat":"repeat","background-position":"center center","background-size":"auto","background-attachment":"scroll","background-type":"","background-media":"","overlay-type":"","overlay-color":"","overlay-opacity":"","overlay-gradient":""}},"ast-content-background-meta":{"desktop":{"background-color":"var(--ast-global-color-4)","background-image":"","background-repeat":"repeat","background-position":"center center","background-size":"auto","background-attachment":"scroll","background-type":"","background-media":"","overlay-type":"","overlay-color":"","overlay-opacity":"","overlay-gradient":""},"tablet":{"background-color":"var(--ast-global-color-4)","background-image":"","background-repeat":"repeat","background-position":"center center","background-size":"auto","background-attachment":"scroll","background-type":"","background-media":"","overlay-type":"","overlay-color":"","overlay-opacity":"","overlay-gradient":""},"mobile":{"background-color":"var(--ast-global-color-4)","background-image":"","background-repeat":"repeat","background-position":"center center","background-size":"auto","background-attachment":"scroll","background-type":"","background-media":"","overlay-type":"","overlay-color":"","overlay-opacity":"","overlay-gradient":""}}},"product_brand":[],"product_cat":[18],"product_tag":[],"class_list":{"0":"post-82","1":"product","2":"type-product","3":"status-publish","4":"has-post-thumbnail","6":"product_cat-built-in-gas-hop","7":"desktop-align-left","8":"tablet-align-left","9":"mobile-align-left","10":"ast-product-gallery-layout-horizontal-slider","11":"ast-product-tabs-layout-horizontal","13":"first","14":"instock","15":"shipping-taxable","16":"purchasable","17":"product-type-simple"},"aioseo_notices":[],"_links":{"self":[{"href":"https:\/\/artugo.shop\/fr\/wp-json\/wp\/v2\/product\/82","targetHints":{"allow":["GET"]}}],"collection":[{"href":"https:\/\/artugo.shop\/fr\/wp-json\/wp\/v2\/product"}],"about":[{"href":"https:\/\/artugo.shop\/fr\/wp-json\/wp\/v2\/types\/product"}],"replies":[{"embeddable":true,"href":"https:\/\/artugo.shop\/fr\/wp-json\/wp\/v2\/comments?post=82"}],"version-history":[{"count":0,"href":"https:\/\/artugo.shop\/fr\/wp-json\/wp\/v2\/product\/82\/revisions"}],"wp:featuredmedia":[{"embeddable":true,"href":"https:\/\/artugo.shop\/fr\/wp-json\/wp\/v2\/media\/997"}],"wp:attachment":[{"href":"https:\/\/artugo.shop\/fr\/wp-json\/wp\/v2\/media?parent=82"}],"wp:term":[{"taxonomy":"product_brand","embeddable":true,"href":"https:\/\/artugo.shop\/fr\/wp-json\/wp\/v2\/product_brand?post=82"},{"taxonomy":"product_cat","embeddable":true,"href":"https:\/\/artugo.shop\/fr\/wp-json\/wp\/v2\/product_cat?post=82"},{"taxonomy":"product_tag","embeddable":true,"href":"https:\/\/artugo.shop\/fr\/wp-json\/wp\/v2\/product_tag?post=82"}],"curies":[{"name":"wp","href":"https:\/\/api.w.org\/{rel}","templated":true}]}}