{"id":688,"date":"2026-03-30T19:04:18","date_gmt":"2026-03-30T12:04:18","guid":{"rendered":"https:\/\/artugo.shop\/product\/artugo-kulkas-lemari-pendingin-kaca-showcase-cooler-2-pintu-1200-liter-sv-1252-no-frost\/"},"modified":"2026-04-08T13:52:19","modified_gmt":"2026-04-08T06:52:19","slug":"artugo-kulkas-lemari-pendingin-kaca-showcase-cooler-2-pintu-1200-liter-sv-1252-no-frost","status":"publish","type":"product","link":"https:\/\/artugo.shop\/fr\/product\/artugo-kulkas-lemari-pendingin-kaca-showcase-cooler-2-pintu-1200-liter-sv-1252-no-frost\/","title":{"rendered":"ARTUGO Kulkas Lemari Pendingin Kaca Showcase Cooler 2 Pintu 1200 Liter SV 1252 NO FROST"},"content":{"rendered":"<p>Showcase Cooler &#8211; 2 and 3 Doors<br \/>\nARTUGO Showcase Cooler SV 1252<\/p>\n<p>Aluminum Frame and Handle<\/p>\n<p>Large Capacity<\/p>\n<p>Garantie num\u00e9rique de 5 ans sur le compresseur<\/p>\n<p>Technologie sans givre<\/p>\n<p>Sp\u00e9cifications g\u00e9n\u00e9rales :<\/p>\n<p>Capacity 1200 L<br \/>\nWeight 125 KG<br \/>\nTemp\u00e9rature 0-10\u00b0C<br \/>\nInput Power 506 W<br \/>\nPorte double en verre tremp\u00e9<br \/>\nBo\u00eetier interne PCM<br \/>\nR\u00e9frig\u00e9rant R290<br \/>\nTension 220 V<br \/>\nFr\u00e9quence 50 Hz<br \/>\nAutres cadenas et roues<br \/>\nDimension 1230 x 700 x 2010 mm<br \/>\nSp\u00e9cifications sp\u00e9ciales<br \/>\nCompresseur \u00e0 large plage de tension (160 \u2013 260 V), sans CFC<br \/>\nSyst\u00e8me de refroidissement sans givre \/ Technologie No Frost<br \/>\nInterior LED Light, 2 Cooling Fan<\/p>\n<p>Garantie :<\/p>\n<p>Produit 1 an<br \/>\nCompresseur 5 ans<\/p>","protected":false},"excerpt":{"rendered":"<p>Showcase Cooler &#8211; 2 and 3 Doors ARTUGO Showcase Cooler SV 1252 Aluminum Frame and Handle Large Capacity 5 Years [&hellip;]<\/p>\n","protected":false},"featured_media":1391,"comment_status":"open","ping_status":"closed","template":"","meta":{"site-sidebar-layout":"default","site-content-layout":"","ast-site-content-layout":"default","site-content-style":"default","site-sidebar-style":"default","ast-global-header-display":"","ast-banner-title-visibility":"","ast-main-header-display":"","ast-hfb-above-header-display":"","ast-hfb-below-header-display":"","ast-hfb-mobile-header-display":"","site-post-title":"","ast-breadcrumbs-content":"","ast-featured-img":"","footer-sml-layout":"","ast-disable-related-posts":"","theme-transparent-header-meta":"default","adv-header-id-meta":"","stick-header-meta":"default","header-above-stick-meta":"","header-main-stick-meta":"","header-below-stick-meta":"","astra-migrate-meta-layouts":"set","ast-page-background-enabled":"default","ast-page-background-meta":{"desktop":{"background-color":"var(--ast-global-color-5)","background-image":"","background-repeat":"repeat","background-position":"center center","background-size":"auto","background-attachment":"scroll","background-type":"","background-media":"","overlay-type":"","overlay-color":"","overlay-opacity":"","overlay-gradient":""},"tablet":{"background-color":"","background-image":"","background-repeat":"repeat","background-position":"center center","background-size":"auto","background-attachment":"scroll","background-type":"","background-media":"","overlay-type":"","overlay-color":"","overlay-opacity":"","overlay-gradient":""},"mobile":{"background-color":"","background-image":"","background-repeat":"repeat","background-position":"center center","background-size":"auto","background-attachment":"scroll","background-type":"","background-media":"","overlay-type":"","overlay-color":"","overlay-opacity":"","overlay-gradient":""}},"ast-content-background-meta":{"desktop":{"background-color":"var(--ast-global-color-4)","background-image":"","background-repeat":"repeat","background-position":"center center","background-size":"auto","background-attachment":"scroll","background-type":"","background-media":"","overlay-type":"","overlay-color":"","overlay-opacity":"","overlay-gradient":""},"tablet":{"background-color":"var(--ast-global-color-4)","background-image":"","background-repeat":"repeat","background-position":"center center","background-size":"auto","background-attachment":"scroll","background-type":"","background-media":"","overlay-type":"","overlay-color":"","overlay-opacity":"","overlay-gradient":""},"mobile":{"background-color":"var(--ast-global-color-4)","background-image":"","background-repeat":"repeat","background-position":"center center","background-size":"auto","background-attachment":"scroll","background-type":"","background-media":"","overlay-type":"","overlay-color":"","overlay-opacity":"","overlay-gradient":""}}},"product_brand":[],"product_cat":[41,20],"product_tag":[],"class_list":{"0":"post-688","1":"product","2":"type-product","3":"status-publish","4":"has-post-thumbnail","6":"product_cat-cool-product","7":"product_cat-showcase-single-door","8":"desktop-align-left","9":"tablet-align-left","10":"mobile-align-left","11":"ast-product-gallery-layout-horizontal-slider","12":"ast-product-tabs-layout-horizontal","14":"first","15":"instock","16":"shipping-taxable","17":"purchasable","18":"product-type-simple"},"aioseo_notices":[],"_links":{"self":[{"href":"https:\/\/artugo.shop\/fr\/wp-json\/wp\/v2\/product\/688","targetHints":{"allow":["GET"]}}],"collection":[{"href":"https:\/\/artugo.shop\/fr\/wp-json\/wp\/v2\/product"}],"about":[{"href":"https:\/\/artugo.shop\/fr\/wp-json\/wp\/v2\/types\/product"}],"replies":[{"embeddable":true,"href":"https:\/\/artugo.shop\/fr\/wp-json\/wp\/v2\/comments?post=688"}],"version-history":[{"count":0,"href":"https:\/\/artugo.shop\/fr\/wp-json\/wp\/v2\/product\/688\/revisions"}],"wp:featuredmedia":[{"embeddable":true,"href":"https:\/\/artugo.shop\/fr\/wp-json\/wp\/v2\/media\/1391"}],"wp:attachment":[{"href":"https:\/\/artugo.shop\/fr\/wp-json\/wp\/v2\/media?parent=688"}],"wp:term":[{"taxonomy":"product_brand","embeddable":true,"href":"https:\/\/artugo.shop\/fr\/wp-json\/wp\/v2\/product_brand?post=688"},{"taxonomy":"product_cat","embeddable":true,"href":"https:\/\/artugo.shop\/fr\/wp-json\/wp\/v2\/product_cat?post=688"},{"taxonomy":"product_tag","embeddable":true,"href":"https:\/\/artugo.shop\/fr\/wp-json\/wp\/v2\/product_tag?post=688"}],"curies":[{"name":"wp","href":"https:\/\/api.w.org\/{rel}","templated":true}]}}