{"id":630,"date":"2026-03-30T19:03:28","date_gmt":"2026-03-30T12:03:28","guid":{"rendered":"https:\/\/artugo.shop\/product\/artugo-vacuum-cleaner-av-20-ay\/"},"modified":"2026-05-11T16:45:39","modified_gmt":"2026-05-11T09:45:39","slug":"artugo-vacuum-cleaner-av-20-ay","status":"publish","type":"product","link":"https:\/\/artugo.shop\/fr\/product\/artugo-vacuum-cleaner-av-20-ay\/","title":{"rendered":"Vacuum Cleaner AV 20 AY"},"content":{"rendered":"<p>Vacuum Cleaner AV 20 AY<\/p>\n<p>Sp\u00e9cification<br \/>\nWet and Dry Vacuum cleaner<br \/>\n20 Liter Big Capacity<br \/>\nTelescopic Aluminum Tube<br \/>\nHigh Suction<br \/>\n2 in 1 Function &#8211; Suction and Blow<br \/>\nNoise Reduction System<\/p>\n<p>Sp\u00e9cifications g\u00e9n\u00e9rales<br \/>\nColor Yellow + Black<br \/>\nPower 1000 W<br \/>\nCapacity 20 Liter<br \/>\nSuction Power &gt;18 Kpa<br \/>\nNoise &lt; 78 dB<br \/>\nSpeed 1 Speed Control<br \/>\nCable 3.5m<br \/>\nVoltage 220 Volt &#8211; 50 Hz<br \/>\nProd. WxDxH mm\/kg 360 x 357 x 510<br \/>\nWeight 7.2 Kg<\/p>\n<p>Sp\u00e9cifications sp\u00e9ciales<br \/>\nSpon Filter<br \/>\nHepa Filter<\/p>\n<p>Garantie<br \/>\nPi\u00e8ce de rechange 1 an<\/p>","protected":false},"excerpt":{"rendered":"<p>Vacuum Cleaner AV 20 AY Specification Wet and Dry Vacuum cleaner 20 Liter Big Capacity Telescopic Aluminum Tube High Suction [&hellip;]<\/p>\n","protected":false},"featured_media":2516,"comment_status":"open","ping_status":"closed","template":"","meta":{"site-sidebar-layout":"default","site-content-layout":"","ast-site-content-layout":"default","site-content-style":"default","site-sidebar-style":"default","ast-global-header-display":"","ast-banner-title-visibility":"","ast-main-header-display":"","ast-hfb-above-header-display":"","ast-hfb-below-header-display":"","ast-hfb-mobile-header-display":"","site-post-title":"","ast-breadcrumbs-content":"","ast-featured-img":"","footer-sml-layout":"","ast-disable-related-posts":"","theme-transparent-header-meta":"default","adv-header-id-meta":"","stick-header-meta":"default","header-above-stick-meta":"","header-main-stick-meta":"","header-below-stick-meta":"","astra-migrate-meta-layouts":"set","ast-page-background-enabled":"default","ast-page-background-meta":{"desktop":{"background-color":"var(--ast-global-color-5)","background-image":"","background-repeat":"repeat","background-position":"center center","background-size":"auto","background-attachment":"scroll","background-type":"","background-media":"","overlay-type":"","overlay-color":"","overlay-opacity":"","overlay-gradient":""},"tablet":{"background-color":"","background-image":"","background-repeat":"repeat","background-position":"center center","background-size":"auto","background-attachment":"scroll","background-type":"","background-media":"","overlay-type":"","overlay-color":"","overlay-opacity":"","overlay-gradient":""},"mobile":{"background-color":"","background-image":"","background-repeat":"repeat","background-position":"center center","background-size":"auto","background-attachment":"scroll","background-type":"","background-media":"","overlay-type":"","overlay-color":"","overlay-opacity":"","overlay-gradient":""}},"ast-content-background-meta":{"desktop":{"background-color":"var(--ast-global-color-4)","background-image":"","background-repeat":"repeat","background-position":"center center","background-size":"auto","background-attachment":"scroll","background-type":"","background-media":"","overlay-type":"","overlay-color":"","overlay-opacity":"","overlay-gradient":""},"tablet":{"background-color":"var(--ast-global-color-4)","background-image":"","background-repeat":"repeat","background-position":"center center","background-size":"auto","background-attachment":"scroll","background-type":"","background-media":"","overlay-type":"","overlay-color":"","overlay-opacity":"","overlay-gradient":""},"mobile":{"background-color":"var(--ast-global-color-4)","background-image":"","background-repeat":"repeat","background-position":"center center","background-size":"auto","background-attachment":"scroll","background-type":"","background-media":"","overlay-type":"","overlay-color":"","overlay-opacity":"","overlay-gradient":""}}},"product_brand":[],"product_cat":[42,22],"product_tag":[],"class_list":{"0":"post-630","1":"product","2":"type-product","3":"status-publish","4":"has-post-thumbnail","6":"product_cat-hygiene-product","7":"product_cat-vacuum-cleaner","8":"desktop-align-left","9":"tablet-align-left","10":"mobile-align-left","11":"ast-product-gallery-layout-horizontal-slider","12":"ast-product-tabs-layout-horizontal","14":"first","15":"instock","16":"shipping-taxable","17":"purchasable","18":"product-type-simple"},"aioseo_notices":[],"_links":{"self":[{"href":"https:\/\/artugo.shop\/fr\/wp-json\/wp\/v2\/product\/630","targetHints":{"allow":["GET"]}}],"collection":[{"href":"https:\/\/artugo.shop\/fr\/wp-json\/wp\/v2\/product"}],"about":[{"href":"https:\/\/artugo.shop\/fr\/wp-json\/wp\/v2\/types\/product"}],"replies":[{"embeddable":true,"href":"https:\/\/artugo.shop\/fr\/wp-json\/wp\/v2\/comments?post=630"}],"version-history":[{"count":3,"href":"https:\/\/artugo.shop\/fr\/wp-json\/wp\/v2\/product\/630\/revisions"}],"predecessor-version":[{"id":2519,"href":"https:\/\/artugo.shop\/fr\/wp-json\/wp\/v2\/product\/630\/revisions\/2519"}],"wp:featuredmedia":[{"embeddable":true,"href":"https:\/\/artugo.shop\/fr\/wp-json\/wp\/v2\/media\/2516"}],"wp:attachment":[{"href":"https:\/\/artugo.shop\/fr\/wp-json\/wp\/v2\/media?parent=630"}],"wp:term":[{"taxonomy":"product_brand","embeddable":true,"href":"https:\/\/artugo.shop\/fr\/wp-json\/wp\/v2\/product_brand?post=630"},{"taxonomy":"product_cat","embeddable":true,"href":"https:\/\/artugo.shop\/fr\/wp-json\/wp\/v2\/product_cat?post=630"},{"taxonomy":"product_tag","embeddable":true,"href":"https:\/\/artugo.shop\/fr\/wp-json\/wp\/v2\/product_tag?post=630"}],"curies":[{"name":"wp","href":"https:\/\/api.w.org\/{rel}","templated":true}]}}