{"id":585,"date":"2026-03-30T19:02:43","date_gmt":"2026-03-30T12:02:43","guid":{"rendered":"https:\/\/artugo.shop\/product\/artugo-sliding-curve-glass-freezer-576-liter-sh-610-s\/"},"modified":"2026-05-07T16:28:07","modified_gmt":"2026-05-07T09:28:07","slug":"artugo-sliding-curve-glass-freezer-576-liter-sh-610-s","status":"publish","type":"product","link":"https:\/\/artugo.shop\/fr\/product\/artugo-sliding-curve-glass-freezer-576-liter-sh-610-s\/","title":{"rendered":"Sliding Curve SH 610 P Glass Freezer 576 Liter"},"content":{"rendered":"<p>Display Cooler SH 610 P<\/p>\n<p>Sp\u00e9cifications :<br \/>\nProtected Control Panel<br \/>\nInner LED Light<br \/>\nDigital Temperature<br \/>\nPCA Tahan Karat yang Mudah Dibersihkan<br \/>\nGarantie num\u00e9rique de 5 ans sur le compresseur<\/p>\n<p>Sp\u00e9cifications g\u00e9n\u00e9rales :<br \/>\nCompressor NON-CFC<br \/>\nCapacity 576 L<br \/>\nWeight 43 KG<br \/>\nInput Power 250 W<br \/>\nTemp\u00e9rature -25\u00b0C<br \/>\nR\u00e9frig\u00e9rant R290<br \/>\nTension 220 V<br \/>\nFr\u00e9quence 50 Hz<br \/>\nAutres cadenas et roues<br \/>\nDimension 1634x653x900 mm<\/p>\n<p>Sp\u00e9cifications sp\u00e9ciales :<br \/>\nFrame Plastic Frame<br \/>\nControl Panel Protected (Near Compressor Room)<br \/>\nDoor Better Sealing Performance<br \/>\nBo\u00eetier interne PCA<br \/>\nDIsplay Temperature Yes<br \/>\nLamp LED Light<\/p>\n<p>Garantie :<br \/>\nCompresseur 5 ans<br \/>\nPi\u00e8ce de rechange 1 an<\/p>","protected":false},"excerpt":{"rendered":"<p>Display Cooler SH 610 P Specification : Protected Control Panel Inner LED Light Digital Temperature PCA Tahan Karat yang Mudah [&hellip;]<\/p>\n","protected":false},"featured_media":2405,"comment_status":"open","ping_status":"closed","template":"","meta":{"site-sidebar-layout":"default","site-content-layout":"","ast-site-content-layout":"default","site-content-style":"default","site-sidebar-style":"default","ast-global-header-display":"","ast-banner-title-visibility":"","ast-main-header-display":"","ast-hfb-above-header-display":"","ast-hfb-below-header-display":"","ast-hfb-mobile-header-display":"","site-post-title":"","ast-breadcrumbs-content":"","ast-featured-img":"","footer-sml-layout":"","ast-disable-related-posts":"","theme-transparent-header-meta":"default","adv-header-id-meta":"","stick-header-meta":"default","header-above-stick-meta":"","header-main-stick-meta":"","header-below-stick-meta":"","astra-migrate-meta-layouts":"set","ast-page-background-enabled":"default","ast-page-background-meta":{"desktop":{"background-color":"var(--ast-global-color-5)","background-image":"","background-repeat":"repeat","background-position":"center center","background-size":"auto","background-attachment":"scroll","background-type":"","background-media":"","overlay-type":"","overlay-color":"","overlay-opacity":"","overlay-gradient":""},"tablet":{"background-color":"","background-image":"","background-repeat":"repeat","background-position":"center center","background-size":"auto","background-attachment":"scroll","background-type":"","background-media":"","overlay-type":"","overlay-color":"","overlay-opacity":"","overlay-gradient":""},"mobile":{"background-color":"","background-image":"","background-repeat":"repeat","background-position":"center center","background-size":"auto","background-attachment":"scroll","background-type":"","background-media":"","overlay-type":"","overlay-color":"","overlay-opacity":"","overlay-gradient":""}},"ast-content-background-meta":{"desktop":{"background-color":"var(--ast-global-color-4)","background-image":"","background-repeat":"repeat","background-position":"center center","background-size":"auto","background-attachment":"scroll","background-type":"","background-media":"","overlay-type":"","overlay-color":"","overlay-opacity":"","overlay-gradient":""},"tablet":{"background-color":"var(--ast-global-color-4)","background-image":"","background-repeat":"repeat","background-position":"center center","background-size":"auto","background-attachment":"scroll","background-type":"","background-media":"","overlay-type":"","overlay-color":"","overlay-opacity":"","overlay-gradient":""},"mobile":{"background-color":"var(--ast-global-color-4)","background-image":"","background-repeat":"repeat","background-position":"center center","background-size":"auto","background-attachment":"scroll","background-type":"","background-media":"","overlay-type":"","overlay-color":"","overlay-opacity":"","overlay-gradient":""}}},"product_brand":[],"product_cat":[19,41],"product_tag":[],"class_list":{"0":"post-585","1":"product","2":"type-product","3":"status-publish","4":"has-post-thumbnail","6":"product_cat-chest-freezer-large","7":"product_cat-cool-product","8":"desktop-align-left","9":"tablet-align-left","10":"mobile-align-left","11":"ast-product-gallery-layout-horizontal-slider","12":"ast-product-tabs-layout-horizontal","14":"first","15":"instock","16":"shipping-taxable","17":"purchasable","18":"product-type-simple"},"aioseo_notices":[],"_links":{"self":[{"href":"https:\/\/artugo.shop\/fr\/wp-json\/wp\/v2\/product\/585","targetHints":{"allow":["GET"]}}],"collection":[{"href":"https:\/\/artugo.shop\/fr\/wp-json\/wp\/v2\/product"}],"about":[{"href":"https:\/\/artugo.shop\/fr\/wp-json\/wp\/v2\/types\/product"}],"replies":[{"embeddable":true,"href":"https:\/\/artugo.shop\/fr\/wp-json\/wp\/v2\/comments?post=585"}],"version-history":[{"count":1,"href":"https:\/\/artugo.shop\/fr\/wp-json\/wp\/v2\/product\/585\/revisions"}],"predecessor-version":[{"id":2407,"href":"https:\/\/artugo.shop\/fr\/wp-json\/wp\/v2\/product\/585\/revisions\/2407"}],"wp:featuredmedia":[{"embeddable":true,"href":"https:\/\/artugo.shop\/fr\/wp-json\/wp\/v2\/media\/2405"}],"wp:attachment":[{"href":"https:\/\/artugo.shop\/fr\/wp-json\/wp\/v2\/media?parent=585"}],"wp:term":[{"taxonomy":"product_brand","embeddable":true,"href":"https:\/\/artugo.shop\/fr\/wp-json\/wp\/v2\/product_brand?post=585"},{"taxonomy":"product_cat","embeddable":true,"href":"https:\/\/artugo.shop\/fr\/wp-json\/wp\/v2\/product_cat?post=585"},{"taxonomy":"product_tag","embeddable":true,"href":"https:\/\/artugo.shop\/fr\/wp-json\/wp\/v2\/product_tag?post=585"}],"curies":[{"name":"wp","href":"https:\/\/api.w.org\/{rel}","templated":true}]}}