{"id":574,"date":"2026-03-30T19:02:32","date_gmt":"2026-03-30T12:02:32","guid":{"rendered":"https:\/\/artugo.shop\/product\/artugo-water-heater-listrik-10-liter-he-10-qy-titanium-water-tank\/"},"modified":"2026-05-11T11:54:47","modified_gmt":"2026-05-11T04:54:47","slug":"artugo-water-heater-listrik-10-liter-he-10-qy-titanium-water-tank","status":"publish","type":"product","link":"https:\/\/artugo.shop\/fr\/product\/artugo-water-heater-listrik-10-liter-he-10-qy-titanium-water-tank\/","title":{"rendered":"Water Heater Listrik 10 Liter Titanium Water Tank HE 10 QY"},"content":{"rendered":"<p>Electric Water Heater HE 10 QY<\/p>\n<p>Sp\u00e9cification<br \/>\nLife Time Water Tank Warranty<br \/>\nDigital Display<br \/>\nEnamel Heating Elements<br \/>\nAluminum Anode<\/p>\n<p>Sp\u00e9cifications g\u00e9n\u00e9rales<br \/>\nPower 200 W<br \/>\nCapacity 10 L<br \/>\nTemperature Max 75\u00b0C<br \/>\nWater Pressure Rate 0.8 MPA<br \/>\nWeight 6.5 KG<br \/>\nTension 220 V<br \/>\nFr\u00e9quence 50 Hz<br \/>\nDimension 335 x 335 x 286 mm<\/p>\n<p>Sp\u00e9cifications sp\u00e9ciales<br \/>\nWater Tank Single (Plasma) Welding<br \/>\nEnamel Coated<br \/>\n1.5 mm Thickness<br \/>\nHeater Stainless Steel 316<br \/>\nHeat Storage 70 Hours<br \/>\nSafety ELCB &#038; Double Safety System<\/p>\n<p>Garantie<br \/>\nWater Tank 10 Year<br \/>\nPi\u00e8ce de rechange 1 an<\/p>","protected":false},"excerpt":{"rendered":"<p>Electric Water Heater HE 10 QY Specification Life Time Water Tank Warranty Digital Display Enamel Heating Elements Aluminum Anode General [&hellip;]<\/p>\n","protected":false},"featured_media":2454,"comment_status":"open","ping_status":"closed","template":"","meta":{"site-sidebar-layout":"default","site-content-layout":"","ast-site-content-layout":"default","site-content-style":"default","site-sidebar-style":"default","ast-global-header-display":"","ast-banner-title-visibility":"","ast-main-header-display":"","ast-hfb-above-header-display":"","ast-hfb-below-header-display":"","ast-hfb-mobile-header-display":"","site-post-title":"","ast-breadcrumbs-content":"","ast-featured-img":"","footer-sml-layout":"","ast-disable-related-posts":"","theme-transparent-header-meta":"default","adv-header-id-meta":"","stick-header-meta":"default","header-above-stick-meta":"","header-main-stick-meta":"","header-below-stick-meta":"","astra-migrate-meta-layouts":"set","ast-page-background-enabled":"default","ast-page-background-meta":{"desktop":{"background-color":"var(--ast-global-color-5)","background-image":"","background-repeat":"repeat","background-position":"center center","background-size":"auto","background-attachment":"scroll","background-type":"","background-media":"","overlay-type":"","overlay-color":"","overlay-opacity":"","overlay-gradient":""},"tablet":{"background-color":"","background-image":"","background-repeat":"repeat","background-position":"center center","background-size":"auto","background-attachment":"scroll","background-type":"","background-media":"","overlay-type":"","overlay-color":"","overlay-opacity":"","overlay-gradient":""},"mobile":{"background-color":"","background-image":"","background-repeat":"repeat","background-position":"center center","background-size":"auto","background-attachment":"scroll","background-type":"","background-media":"","overlay-type":"","overlay-color":"","overlay-opacity":"","overlay-gradient":""}},"ast-content-background-meta":{"desktop":{"background-color":"var(--ast-global-color-4)","background-image":"","background-repeat":"repeat","background-position":"center center","background-size":"auto","background-attachment":"scroll","background-type":"","background-media":"","overlay-type":"","overlay-color":"","overlay-opacity":"","overlay-gradient":""},"tablet":{"background-color":"var(--ast-global-color-4)","background-image":"","background-repeat":"repeat","background-position":"center center","background-size":"auto","background-attachment":"scroll","background-type":"","background-media":"","overlay-type":"","overlay-color":"","overlay-opacity":"","overlay-gradient":""},"mobile":{"background-color":"var(--ast-global-color-4)","background-image":"","background-repeat":"repeat","background-position":"center center","background-size":"auto","background-attachment":"scroll","background-type":"","background-media":"","overlay-type":"","overlay-color":"","overlay-opacity":"","overlay-gradient":""}}},"product_brand":[],"product_cat":[26,42],"product_tag":[],"class_list":{"0":"post-574","1":"product","2":"type-product","3":"status-publish","4":"has-post-thumbnail","6":"product_cat-gas-water-heater","7":"product_cat-hygiene-product","8":"desktop-align-left","9":"tablet-align-left","10":"mobile-align-left","11":"ast-product-gallery-layout-horizontal-slider","12":"ast-product-tabs-layout-horizontal","14":"first","15":"instock","16":"shipping-taxable","17":"purchasable","18":"product-type-simple"},"aioseo_notices":[],"_links":{"self":[{"href":"https:\/\/artugo.shop\/fr\/wp-json\/wp\/v2\/product\/574","targetHints":{"allow":["GET"]}}],"collection":[{"href":"https:\/\/artugo.shop\/fr\/wp-json\/wp\/v2\/product"}],"about":[{"href":"https:\/\/artugo.shop\/fr\/wp-json\/wp\/v2\/types\/product"}],"replies":[{"embeddable":true,"href":"https:\/\/artugo.shop\/fr\/wp-json\/wp\/v2\/comments?post=574"}],"version-history":[{"count":3,"href":"https:\/\/artugo.shop\/fr\/wp-json\/wp\/v2\/product\/574\/revisions"}],"predecessor-version":[{"id":2458,"href":"https:\/\/artugo.shop\/fr\/wp-json\/wp\/v2\/product\/574\/revisions\/2458"}],"wp:featuredmedia":[{"embeddable":true,"href":"https:\/\/artugo.shop\/fr\/wp-json\/wp\/v2\/media\/2454"}],"wp:attachment":[{"href":"https:\/\/artugo.shop\/fr\/wp-json\/wp\/v2\/media?parent=574"}],"wp:term":[{"taxonomy":"product_brand","embeddable":true,"href":"https:\/\/artugo.shop\/fr\/wp-json\/wp\/v2\/product_brand?post=574"},{"taxonomy":"product_cat","embeddable":true,"href":"https:\/\/artugo.shop\/fr\/wp-json\/wp\/v2\/product_cat?post=574"},{"taxonomy":"product_tag","embeddable":true,"href":"https:\/\/artugo.shop\/fr\/wp-json\/wp\/v2\/product_tag?post=574"}],"curies":[{"name":"wp","href":"https:\/\/api.w.org\/{rel}","templated":true}]}}