{"id":511,"date":"2026-03-30T19:00:57","date_gmt":"2026-03-30T12:00:57","guid":{"rendered":"https:\/\/artugo.shop\/product\/artugo-kompor-tanam-gas-3-tungku-70-cm-ah-3733-cb\/"},"modified":"2026-05-13T16:26:10","modified_gmt":"2026-05-13T09:26:10","slug":"artugo-kompor-tanam-gas-3-tungku-70-cm-ah-3733-cb","status":"publish","type":"product","link":"https:\/\/artugo.shop\/fr\/product\/artugo-kompor-tanam-gas-3-tungku-70-cm-ah-3733-cb\/","title":{"rendered":"Kompor Tanam 70 cm Gas 3 Tungku AH 3733 CB"},"content":{"rendered":"<p>Built In Gas Hob AH 3733 CB<\/p>\n<p>Wide Cooking Space<br \/>\nHigh Power Heat for Indonesia Cuisine<br \/>\nDurable Power Ignition<br \/>\nFull Heat Protector<br \/>\nSafety Gas Protection<\/p>\n<p>Sp\u00e9cifications g\u00e9n\u00e9rales :<br \/>\nCouleur Onyx Noir<br \/>\nQty Burner 3 Burners<br \/>\nInstallation int\u00e9gr\u00e9e<br \/>\nGas Safety<br \/>\nVerre tremp\u00e9<br \/>\nBatterie d&#039;allumage<br \/>\nGrid Semi + Full heat protector<\/p>\n<p>D\u00e9tail Ukuran :<br \/>\nUkuran Lubang Meja (lebar x kedalaman) :  68 \u00d7 38 cm<br \/>\nUkuran Kompor : 78 \u00d7 45 cm<br \/>\nBerat Kompor : 13 kg<\/p>\n<p>Sp\u00e9cifications sp\u00e9ciales :<br \/>\nBouton en m\u00e9tal<br \/>\nVerre biseaut\u00e9<br \/>\nBatterie incluse<\/p>\n<p>Warranty (Garansi) :<br \/>\nBurners + Ignition 3 Year<br \/>\nOthers Sparepart 1 Year<br \/>\nVerre tremp\u00e9 \u00e0 vie<\/p>","protected":false},"excerpt":{"rendered":"<p>Built In Gas Hob AH 3733 CB Wide Cooking Space High Power Heat for Indonesia Cuisine Durable Power Ignition Full [&hellip;]<\/p>\n","protected":false},"featured_media":2720,"comment_status":"open","ping_status":"closed","template":"","meta":{"site-sidebar-layout":"default","site-content-layout":"","ast-site-content-layout":"default","site-content-style":"default","site-sidebar-style":"default","ast-global-header-display":"","ast-banner-title-visibility":"","ast-main-header-display":"","ast-hfb-above-header-display":"","ast-hfb-below-header-display":"","ast-hfb-mobile-header-display":"","site-post-title":"","ast-breadcrumbs-content":"","ast-featured-img":"","footer-sml-layout":"","ast-disable-related-posts":"","theme-transparent-header-meta":"default","adv-header-id-meta":"","stick-header-meta":"default","header-above-stick-meta":"","header-main-stick-meta":"","header-below-stick-meta":"","astra-migrate-meta-layouts":"set","ast-page-background-enabled":"default","ast-page-background-meta":{"desktop":{"background-color":"var(--ast-global-color-5)","background-image":"","background-repeat":"repeat","background-position":"center center","background-size":"auto","background-attachment":"scroll","background-type":"","background-media":"","overlay-type":"","overlay-color":"","overlay-opacity":"","overlay-gradient":""},"tablet":{"background-color":"","background-image":"","background-repeat":"repeat","background-position":"center center","background-size":"auto","background-attachment":"scroll","background-type":"","background-media":"","overlay-type":"","overlay-color":"","overlay-opacity":"","overlay-gradient":""},"mobile":{"background-color":"","background-image":"","background-repeat":"repeat","background-position":"center center","background-size":"auto","background-attachment":"scroll","background-type":"","background-media":"","overlay-type":"","overlay-color":"","overlay-opacity":"","overlay-gradient":""}},"ast-content-background-meta":{"desktop":{"background-color":"var(--ast-global-color-4)","background-image":"","background-repeat":"repeat","background-position":"center center","background-size":"auto","background-attachment":"scroll","background-type":"","background-media":"","overlay-type":"","overlay-color":"","overlay-opacity":"","overlay-gradient":""},"tablet":{"background-color":"var(--ast-global-color-4)","background-image":"","background-repeat":"repeat","background-position":"center center","background-size":"auto","background-attachment":"scroll","background-type":"","background-media":"","overlay-type":"","overlay-color":"","overlay-opacity":"","overlay-gradient":""},"mobile":{"background-color":"var(--ast-global-color-4)","background-image":"","background-repeat":"repeat","background-position":"center center","background-size":"auto","background-attachment":"scroll","background-type":"","background-media":"","overlay-type":"","overlay-color":"","overlay-opacity":"","overlay-gradient":""}}},"product_brand":[],"product_cat":[18,40],"product_tag":[],"class_list":{"0":"post-511","1":"product","2":"type-product","3":"status-publish","4":"has-post-thumbnail","6":"product_cat-built-in-gas-hop","7":"product_cat-hot-porduct","8":"desktop-align-left","9":"tablet-align-left","10":"mobile-align-left","11":"ast-product-gallery-layout-horizontal-slider","12":"ast-product-tabs-layout-horizontal","14":"first","15":"instock","16":"shipping-taxable","17":"purchasable","18":"product-type-simple"},"aioseo_notices":[],"_links":{"self":[{"href":"https:\/\/artugo.shop\/fr\/wp-json\/wp\/v2\/product\/511","targetHints":{"allow":["GET"]}}],"collection":[{"href":"https:\/\/artugo.shop\/fr\/wp-json\/wp\/v2\/product"}],"about":[{"href":"https:\/\/artugo.shop\/fr\/wp-json\/wp\/v2\/types\/product"}],"replies":[{"embeddable":true,"href":"https:\/\/artugo.shop\/fr\/wp-json\/wp\/v2\/comments?post=511"}],"version-history":[{"count":2,"href":"https:\/\/artugo.shop\/fr\/wp-json\/wp\/v2\/product\/511\/revisions"}],"predecessor-version":[{"id":2723,"href":"https:\/\/artugo.shop\/fr\/wp-json\/wp\/v2\/product\/511\/revisions\/2723"}],"wp:featuredmedia":[{"embeddable":true,"href":"https:\/\/artugo.shop\/fr\/wp-json\/wp\/v2\/media\/2720"}],"wp:attachment":[{"href":"https:\/\/artugo.shop\/fr\/wp-json\/wp\/v2\/media?parent=511"}],"wp:term":[{"taxonomy":"product_brand","embeddable":true,"href":"https:\/\/artugo.shop\/fr\/wp-json\/wp\/v2\/product_brand?post=511"},{"taxonomy":"product_cat","embeddable":true,"href":"https:\/\/artugo.shop\/fr\/wp-json\/wp\/v2\/product_cat?post=511"},{"taxonomy":"product_tag","embeddable":true,"href":"https:\/\/artugo.shop\/fr\/wp-json\/wp\/v2\/product_tag?post=511"}],"curies":[{"name":"wp","href":"https:\/\/api.w.org\/{rel}","templated":true}]}}