{"id":454,"date":"2026-03-30T18:59:46","date_gmt":"2026-03-30T11:59:46","guid":{"rendered":"https:\/\/artugo.shop\/product\/artugo-kulkas-showcase-lemari-pendingin-kaca-230-liter-sv-231\/"},"modified":"2026-05-07T11:42:03","modified_gmt":"2026-05-07T04:42:03","slug":"artugo-kulkas-showcase-lemari-pendingin-kaca-230-liter-sv-231","status":"publish","type":"product","link":"https:\/\/artugo.shop\/fr\/product\/artugo-kulkas-showcase-lemari-pendingin-kaca-230-liter-sv-231\/","title":{"rendered":"Showcase Cooler SV 231 Lemari Pendingin Kaca 230 Liter"},"content":{"rendered":"<p>Showcase Cooler SV 231<\/p>\n<p>Sp\u00e9cification<br \/>\nCompresseur \u00e0 large plage de tension (160 \u2013 260 V)<br \/>\nGarantie num\u00e9rique de 5 ans sur le compresseur<br \/>\nMinimize Frost (Direct Cooling With Cooling Fan Technology)<\/p>\n<p>Sp\u00e9cifications g\u00e9n\u00e9rales :<br \/>\nCapacity 230 L<br \/>\nWeight 50 KG<br \/>\nTemp\u00e9rature 0-10\u00b0C<br \/>\nInput Power 150 W<br \/>\nPorte double en verre tremp\u00e9<br \/>\nGlass Door With LOW-E<br \/>\nR\u00e9frig\u00e9rant R600a<br \/>\nTension 220 V<br \/>\nFr\u00e9quence 50 Hz<br \/>\nOthers Lock &amp;amp: Adjustable Foot<br \/>\nDimension 535 x 504 x 1540 mm<\/p>\n<p>Sp\u00e9cifications sp\u00e9ciales :<br \/>\nCompresseur \u00e0 large plage de tension (160 \u2013 260 V), sans CFC<br \/>\nCooling System Direct Cooling with Cooling Fan Tecnology<br \/>\nInterior LED Lights, Cooling Fan<\/p>\n<p>Garantie :<br \/>\nCompresseur 5 ans<br \/>\nPi\u00e8ce de rechange 1 an<\/p>","protected":false},"excerpt":{"rendered":"<p>Showcase Cooler SV 231 Specification Wide-Range Voltage Compressor (160 &#8211; 260 V) 5 Years Compressor Digital Warranty Minimize Frost (Direct [&hellip;]<\/p>\n","protected":false},"featured_media":2361,"comment_status":"open","ping_status":"closed","template":"","meta":{"site-sidebar-layout":"default","site-content-layout":"","ast-site-content-layout":"default","site-content-style":"default","site-sidebar-style":"default","ast-global-header-display":"","ast-banner-title-visibility":"","ast-main-header-display":"","ast-hfb-above-header-display":"","ast-hfb-below-header-display":"","ast-hfb-mobile-header-display":"","site-post-title":"","ast-breadcrumbs-content":"","ast-featured-img":"","footer-sml-layout":"","ast-disable-related-posts":"","theme-transparent-header-meta":"default","adv-header-id-meta":"","stick-header-meta":"default","header-above-stick-meta":"","header-main-stick-meta":"","header-below-stick-meta":"","astra-migrate-meta-layouts":"set","ast-page-background-enabled":"default","ast-page-background-meta":{"desktop":{"background-color":"var(--ast-global-color-5)","background-image":"","background-repeat":"repeat","background-position":"center center","background-size":"auto","background-attachment":"scroll","background-type":"","background-media":"","overlay-type":"","overlay-color":"","overlay-opacity":"","overlay-gradient":""},"tablet":{"background-color":"","background-image":"","background-repeat":"repeat","background-position":"center center","background-size":"auto","background-attachment":"scroll","background-type":"","background-media":"","overlay-type":"","overlay-color":"","overlay-opacity":"","overlay-gradient":""},"mobile":{"background-color":"","background-image":"","background-repeat":"repeat","background-position":"center center","background-size":"auto","background-attachment":"scroll","background-type":"","background-media":"","overlay-type":"","overlay-color":"","overlay-opacity":"","overlay-gradient":""}},"ast-content-background-meta":{"desktop":{"background-color":"var(--ast-global-color-4)","background-image":"","background-repeat":"repeat","background-position":"center center","background-size":"auto","background-attachment":"scroll","background-type":"","background-media":"","overlay-type":"","overlay-color":"","overlay-opacity":"","overlay-gradient":""},"tablet":{"background-color":"var(--ast-global-color-4)","background-image":"","background-repeat":"repeat","background-position":"center center","background-size":"auto","background-attachment":"scroll","background-type":"","background-media":"","overlay-type":"","overlay-color":"","overlay-opacity":"","overlay-gradient":""},"mobile":{"background-color":"var(--ast-global-color-4)","background-image":"","background-repeat":"repeat","background-position":"center center","background-size":"auto","background-attachment":"scroll","background-type":"","background-media":"","overlay-type":"","overlay-color":"","overlay-opacity":"","overlay-gradient":""}}},"product_brand":[],"product_cat":[41,20],"product_tag":[],"class_list":{"0":"post-454","1":"product","2":"type-product","3":"status-publish","4":"has-post-thumbnail","6":"product_cat-cool-product","7":"product_cat-showcase-single-door","8":"desktop-align-left","9":"tablet-align-left","10":"mobile-align-left","11":"ast-product-gallery-layout-horizontal-slider","12":"ast-product-tabs-layout-horizontal","14":"first","15":"instock","16":"shipping-taxable","17":"purchasable","18":"product-type-simple"},"aioseo_notices":[],"_links":{"self":[{"href":"https:\/\/artugo.shop\/fr\/wp-json\/wp\/v2\/product\/454","targetHints":{"allow":["GET"]}}],"collection":[{"href":"https:\/\/artugo.shop\/fr\/wp-json\/wp\/v2\/product"}],"about":[{"href":"https:\/\/artugo.shop\/fr\/wp-json\/wp\/v2\/types\/product"}],"replies":[{"embeddable":true,"href":"https:\/\/artugo.shop\/fr\/wp-json\/wp\/v2\/comments?post=454"}],"version-history":[{"count":2,"href":"https:\/\/artugo.shop\/fr\/wp-json\/wp\/v2\/product\/454\/revisions"}],"predecessor-version":[{"id":2366,"href":"https:\/\/artugo.shop\/fr\/wp-json\/wp\/v2\/product\/454\/revisions\/2366"}],"wp:featuredmedia":[{"embeddable":true,"href":"https:\/\/artugo.shop\/fr\/wp-json\/wp\/v2\/media\/2361"}],"wp:attachment":[{"href":"https:\/\/artugo.shop\/fr\/wp-json\/wp\/v2\/media?parent=454"}],"wp:term":[{"taxonomy":"product_brand","embeddable":true,"href":"https:\/\/artugo.shop\/fr\/wp-json\/wp\/v2\/product_brand?post=454"},{"taxonomy":"product_cat","embeddable":true,"href":"https:\/\/artugo.shop\/fr\/wp-json\/wp\/v2\/product_cat?post=454"},{"taxonomy":"product_tag","embeddable":true,"href":"https:\/\/artugo.shop\/fr\/wp-json\/wp\/v2\/product_tag?post=454"}],"curies":[{"name":"wp","href":"https:\/\/api.w.org\/{rel}","templated":true}]}}