{"id":442,"date":"2026-03-30T18:59:37","date_gmt":"2026-03-30T11:59:37","guid":{"rendered":"https:\/\/artugo.shop\/product\/artugo-kompor-tanam-gas-3-tungku-90-cm-ah-3925-bx\/"},"modified":"2026-04-06T08:17:40","modified_gmt":"2026-04-06T01:17:40","slug":"artugo-kompor-tanam-gas-3-tungku-90-cm-ah-3925-bx","status":"publish","type":"product","link":"https:\/\/artugo.shop\/fr\/product\/artugo-kompor-tanam-gas-3-tungku-90-cm-ah-3925-bx\/","title":{"rendered":"ARTUGO Kompor Tanam Gas 3 Tungku 90 cm AH 3925 BX"},"content":{"rendered":"<p>Built In Gas Hob AH 3925 BX<\/p>\n<p>Sp\u00e9cification<br \/>\nWide Cooking Space<\/p>\n<p>GET FIRE UP with Trifecta Burners<\/p>\n<p>Utilisation tactile simple<\/p>\n<p>Grille de protection thermique sp\u00e9ciale<\/p>\n<p>Safety Gas Protection<\/p>\n<p>General Spec:<\/p>\n<p>Couleur Onyx Noir<br \/>\nQty Burner 3 Burners<br \/>\nInstallation int\u00e9gr\u00e9e<br \/>\nS\u00e9curit\u00e9 gaz Oui<br \/>\nVerre tremp\u00e9<br \/>\nBatterie d&#039;allumage<br \/>\nGrille semi-fonte<br \/>\nCut Out W x D (mm) 700 x 400<br \/>\nProd. WxDxH ( mm ) \/ kg 850x450x130 \/ 14.5 kg<br \/>\nPack. WxDxH ( mm ) \/ kg 890x490x200 \/ 17 kg<\/p>\n<p>Sp\u00e9cifications sp\u00e9ciales :<\/p>\n<p>Bouton en m\u00e9tal<br \/>\nVerre biseaut\u00e9<br \/>\nBatterie incluse<\/p>\n<p>Garantie :<\/p>\n<p>Verre tremp\u00e9 \u00e0 vie<br \/>\nAutres pi\u00e8ces d\u00e9tach\u00e9es 1 an<br \/>\nBr\u00fbleurs + allumage 3 ans<\/p>","protected":false},"excerpt":{"rendered":"<p>Built In Gas Hob AH 3925 BX Specification Wide Cooking Space GET FIRE UP with Trifecta Burners Simple Touch to [&hellip;]<\/p>\n","protected":false},"featured_media":918,"comment_status":"open","ping_status":"closed","template":"","meta":{"site-sidebar-layout":"default","site-content-layout":"","ast-site-content-layout":"default","site-content-style":"default","site-sidebar-style":"default","ast-global-header-display":"","ast-banner-title-visibility":"","ast-main-header-display":"","ast-hfb-above-header-display":"","ast-hfb-below-header-display":"","ast-hfb-mobile-header-display":"","site-post-title":"","ast-breadcrumbs-content":"","ast-featured-img":"","footer-sml-layout":"","ast-disable-related-posts":"","theme-transparent-header-meta":"default","adv-header-id-meta":"","stick-header-meta":"default","header-above-stick-meta":"","header-main-stick-meta":"","header-below-stick-meta":"","astra-migrate-meta-layouts":"set","ast-page-background-enabled":"default","ast-page-background-meta":{"desktop":{"background-color":"var(--ast-global-color-5)","background-image":"","background-repeat":"repeat","background-position":"center center","background-size":"auto","background-attachment":"scroll","background-type":"","background-media":"","overlay-type":"","overlay-color":"","overlay-opacity":"","overlay-gradient":""},"tablet":{"background-color":"","background-image":"","background-repeat":"repeat","background-position":"center center","background-size":"auto","background-attachment":"scroll","background-type":"","background-media":"","overlay-type":"","overlay-color":"","overlay-opacity":"","overlay-gradient":""},"mobile":{"background-color":"","background-image":"","background-repeat":"repeat","background-position":"center center","background-size":"auto","background-attachment":"scroll","background-type":"","background-media":"","overlay-type":"","overlay-color":"","overlay-opacity":"","overlay-gradient":""}},"ast-content-background-meta":{"desktop":{"background-color":"var(--ast-global-color-4)","background-image":"","background-repeat":"repeat","background-position":"center center","background-size":"auto","background-attachment":"scroll","background-type":"","background-media":"","overlay-type":"","overlay-color":"","overlay-opacity":"","overlay-gradient":""},"tablet":{"background-color":"var(--ast-global-color-4)","background-image":"","background-repeat":"repeat","background-position":"center center","background-size":"auto","background-attachment":"scroll","background-type":"","background-media":"","overlay-type":"","overlay-color":"","overlay-opacity":"","overlay-gradient":""},"mobile":{"background-color":"var(--ast-global-color-4)","background-image":"","background-repeat":"repeat","background-position":"center center","background-size":"auto","background-attachment":"scroll","background-type":"","background-media":"","overlay-type":"","overlay-color":"","overlay-opacity":"","overlay-gradient":""}}},"product_brand":[],"product_cat":[18,40],"product_tag":[],"class_list":{"0":"post-442","1":"product","2":"type-product","3":"status-publish","4":"has-post-thumbnail","6":"product_cat-built-in-gas-hop","7":"product_cat-hot-porduct","8":"desktop-align-left","9":"tablet-align-left","10":"mobile-align-left","11":"ast-product-gallery-layout-horizontal-slider","12":"ast-product-tabs-layout-horizontal","14":"first","15":"instock","16":"shipping-taxable","17":"purchasable","18":"product-type-simple"},"aioseo_notices":[],"_links":{"self":[{"href":"https:\/\/artugo.shop\/fr\/wp-json\/wp\/v2\/product\/442","targetHints":{"allow":["GET"]}}],"collection":[{"href":"https:\/\/artugo.shop\/fr\/wp-json\/wp\/v2\/product"}],"about":[{"href":"https:\/\/artugo.shop\/fr\/wp-json\/wp\/v2\/types\/product"}],"replies":[{"embeddable":true,"href":"https:\/\/artugo.shop\/fr\/wp-json\/wp\/v2\/comments?post=442"}],"version-history":[{"count":0,"href":"https:\/\/artugo.shop\/fr\/wp-json\/wp\/v2\/product\/442\/revisions"}],"wp:featuredmedia":[{"embeddable":true,"href":"https:\/\/artugo.shop\/fr\/wp-json\/wp\/v2\/media\/918"}],"wp:attachment":[{"href":"https:\/\/artugo.shop\/fr\/wp-json\/wp\/v2\/media?parent=442"}],"wp:term":[{"taxonomy":"product_brand","embeddable":true,"href":"https:\/\/artugo.shop\/fr\/wp-json\/wp\/v2\/product_brand?post=442"},{"taxonomy":"product_cat","embeddable":true,"href":"https:\/\/artugo.shop\/fr\/wp-json\/wp\/v2\/product_cat?post=442"},{"taxonomy":"product_tag","embeddable":true,"href":"https:\/\/artugo.shop\/fr\/wp-json\/wp\/v2\/product_tag?post=442"}],"curies":[{"name":"wp","href":"https:\/\/api.w.org\/{rel}","templated":true}]}}