{"id":343,"date":"2026-03-30T18:57:22","date_gmt":"2026-03-30T11:57:22","guid":{"rendered":"https:\/\/artugo.shop\/product\/artugo-kulkas-showcase-cooler-lemari-pendingin-kaca-2-pintu-1120-liter-sv-1132-no-frost\/"},"modified":"2026-05-07T15:02:49","modified_gmt":"2026-05-07T08:02:49","slug":"artugo-kulkas-showcase-cooler-lemari-pendingin-kaca-2-pintu-1120-liter-sv-1132-no-frost","status":"publish","type":"product","link":"https:\/\/artugo.shop\/fr\/product\/artugo-kulkas-showcase-cooler-lemari-pendingin-kaca-2-pintu-1120-liter-sv-1132-no-frost\/","title":{"rendered":"Showcase Cooler SV 1132 Lemari Pendingin Kaca 2 Pintu 1120 Liter No Frost"},"content":{"rendered":"<p>Showcase Cooler SV 1132<\/p>\n<p>Sp\u00e9cifications :<br \/>\nTop Compressor<br \/>\nLarge Capacity<br \/>\nGarantie num\u00e9rique de 5 ans sur le compresseur<br \/>\nTechnologie sans givre<\/p>\n<p>Sp\u00e9cifications g\u00e9n\u00e9rales :<br \/>\nCapacity 1120 L<br \/>\nWeight 130 KG<br \/>\nTemp\u00e9rature 0-10\u00b0C<br \/>\nInput Power 550 W<br \/>\nPorte double en verre tremp\u00e9<br \/>\nR\u00e9frig\u00e9rant R290<br \/>\nTension 220 V<br \/>\nFr\u00e9quence 50 Hz<br \/>\nAutres cadenas et roues<br \/>\nDimension 1190 x 665 x 2058mm<\/p>\n<p>Sp\u00e9cifications sp\u00e9ciales :<br \/>\nCompresseur \u00e0 large plage de tension (160 \u2013 260 V), sans CFC<br \/>\nSyst\u00e8me de refroidissement sans givre \/ Technologie No Frost<br \/>\nInterior LED Light, 2 Cooling Fan<\/p>\n<p>Garantie :<br \/>\nProduit 1 an<br \/>\nCompresseur 5 ans<\/p>","protected":false},"excerpt":{"rendered":"<p>Showcase Cooler SV 1132 Specification : Top Compressor Large Capacity 5 Years Compressor Digital Warranty Frost Free (No Frost) Technology [&hellip;]<\/p>\n","protected":false},"featured_media":2383,"comment_status":"open","ping_status":"closed","template":"","meta":{"site-sidebar-layout":"default","site-content-layout":"","ast-site-content-layout":"default","site-content-style":"default","site-sidebar-style":"default","ast-global-header-display":"","ast-banner-title-visibility":"","ast-main-header-display":"","ast-hfb-above-header-display":"","ast-hfb-below-header-display":"","ast-hfb-mobile-header-display":"","site-post-title":"","ast-breadcrumbs-content":"","ast-featured-img":"","footer-sml-layout":"","ast-disable-related-posts":"","theme-transparent-header-meta":"default","adv-header-id-meta":"","stick-header-meta":"default","header-above-stick-meta":"","header-main-stick-meta":"","header-below-stick-meta":"","astra-migrate-meta-layouts":"set","ast-page-background-enabled":"default","ast-page-background-meta":{"desktop":{"background-color":"var(--ast-global-color-5)","background-image":"","background-repeat":"repeat","background-position":"center center","background-size":"auto","background-attachment":"scroll","background-type":"","background-media":"","overlay-type":"","overlay-color":"","overlay-opacity":"","overlay-gradient":""},"tablet":{"background-color":"","background-image":"","background-repeat":"repeat","background-position":"center center","background-size":"auto","background-attachment":"scroll","background-type":"","background-media":"","overlay-type":"","overlay-color":"","overlay-opacity":"","overlay-gradient":""},"mobile":{"background-color":"","background-image":"","background-repeat":"repeat","background-position":"center center","background-size":"auto","background-attachment":"scroll","background-type":"","background-media":"","overlay-type":"","overlay-color":"","overlay-opacity":"","overlay-gradient":""}},"ast-content-background-meta":{"desktop":{"background-color":"var(--ast-global-color-4)","background-image":"","background-repeat":"repeat","background-position":"center center","background-size":"auto","background-attachment":"scroll","background-type":"","background-media":"","overlay-type":"","overlay-color":"","overlay-opacity":"","overlay-gradient":""},"tablet":{"background-color":"var(--ast-global-color-4)","background-image":"","background-repeat":"repeat","background-position":"center center","background-size":"auto","background-attachment":"scroll","background-type":"","background-media":"","overlay-type":"","overlay-color":"","overlay-opacity":"","overlay-gradient":""},"mobile":{"background-color":"var(--ast-global-color-4)","background-image":"","background-repeat":"repeat","background-position":"center center","background-size":"auto","background-attachment":"scroll","background-type":"","background-media":"","overlay-type":"","overlay-color":"","overlay-opacity":"","overlay-gradient":""}}},"product_brand":[],"product_cat":[41,20],"product_tag":[],"class_list":{"0":"post-343","1":"product","2":"type-product","3":"status-publish","4":"has-post-thumbnail","6":"product_cat-cool-product","7":"product_cat-showcase-single-door","8":"desktop-align-left","9":"tablet-align-left","10":"mobile-align-left","11":"ast-product-gallery-layout-horizontal-slider","12":"ast-product-tabs-layout-horizontal","14":"first","15":"instock","16":"shipping-taxable","17":"purchasable","18":"product-type-simple"},"aioseo_notices":[],"_links":{"self":[{"href":"https:\/\/artugo.shop\/fr\/wp-json\/wp\/v2\/product\/343","targetHints":{"allow":["GET"]}}],"collection":[{"href":"https:\/\/artugo.shop\/fr\/wp-json\/wp\/v2\/product"}],"about":[{"href":"https:\/\/artugo.shop\/fr\/wp-json\/wp\/v2\/types\/product"}],"replies":[{"embeddable":true,"href":"https:\/\/artugo.shop\/fr\/wp-json\/wp\/v2\/comments?post=343"}],"version-history":[{"count":3,"href":"https:\/\/artugo.shop\/fr\/wp-json\/wp\/v2\/product\/343\/revisions"}],"predecessor-version":[{"id":2387,"href":"https:\/\/artugo.shop\/fr\/wp-json\/wp\/v2\/product\/343\/revisions\/2387"}],"wp:featuredmedia":[{"embeddable":true,"href":"https:\/\/artugo.shop\/fr\/wp-json\/wp\/v2\/media\/2383"}],"wp:attachment":[{"href":"https:\/\/artugo.shop\/fr\/wp-json\/wp\/v2\/media?parent=343"}],"wp:term":[{"taxonomy":"product_brand","embeddable":true,"href":"https:\/\/artugo.shop\/fr\/wp-json\/wp\/v2\/product_brand?post=343"},{"taxonomy":"product_cat","embeddable":true,"href":"https:\/\/artugo.shop\/fr\/wp-json\/wp\/v2\/product_cat?post=343"},{"taxonomy":"product_tag","embeddable":true,"href":"https:\/\/artugo.shop\/fr\/wp-json\/wp\/v2\/product_tag?post=343"}],"curies":[{"name":"wp","href":"https:\/\/api.w.org\/{rel}","templated":true}]}}