{"id":278,"date":"2026-03-30T18:56:01","date_gmt":"2026-03-30T11:56:01","guid":{"rendered":"https:\/\/artugo.shop\/product\/artugo-kulkas-showcase-cooler-lemari-pendingin-kaca-1-pintu-200-liter-sv-210\/"},"modified":"2026-05-06T13:52:02","modified_gmt":"2026-05-06T06:52:02","slug":"artugo-kulkas-showcase-cooler-lemari-pendingin-kaca-1-pintu-200-liter-sv-210","status":"publish","type":"product","link":"https:\/\/artugo.shop\/fr\/product\/artugo-kulkas-showcase-cooler-lemari-pendingin-kaca-1-pintu-200-liter-sv-210\/","title":{"rendered":"Kulkas Showcase Cooler SV 210 Lemari Pendingin Kaca 1 Pintu 200 Liter"},"content":{"rendered":"<p>Showcase Cooler SV 210<\/p>\n<p>Sp\u00e9cification<br \/>\nCompresseur \u00e0 large plage de tension (160 \u2013 260 V)<br \/>\nGarantie num\u00e9rique de 5 ans sur le compresseur<\/p>\n<p>Sp\u00e9cifications g\u00e9n\u00e9rales<br \/>\nCapacity 200 L<br \/>\nWeight 45.5 KG<br \/>\nTemp\u00e9rature 0-10\u00b0C<br \/>\nInput Power 225 W<br \/>\nPorte double en verre tremp\u00e9<br \/>\nShelves 4 pcs<br \/>\nR\u00e9frig\u00e9rant R600a<br \/>\nTension 220 V<br \/>\nFr\u00e9quence 50 Hz<br \/>\nOthers Lock &amp; amp; Wheels<br \/>\nDimension 535 x 530 x 1435 mm<\/p>\n<p>Sp\u00e9cifications sp\u00e9ciales<br \/>\nCompresseur \u00e0 large plage de tension (160 \u2013 260 V), sans CFC<br \/>\nInterior Cooling Fan<br \/>\nLight LED<\/p>\n<p>Garantie<br \/>\nCompresseur 5 ans<br \/>\nProduit 1 an<\/p>","protected":false},"excerpt":{"rendered":"<p>Showcase Cooler SV 210 Specification Wide-Range Voltage Compressor (160 &#8211; 260 V) 5 Years Compressor Digital Warranty General Spec Capacity [&hellip;]<\/p>\n","protected":false},"featured_media":2335,"comment_status":"open","ping_status":"closed","template":"","meta":{"site-sidebar-layout":"default","site-content-layout":"","ast-site-content-layout":"default","site-content-style":"default","site-sidebar-style":"default","ast-global-header-display":"","ast-banner-title-visibility":"","ast-main-header-display":"","ast-hfb-above-header-display":"","ast-hfb-below-header-display":"","ast-hfb-mobile-header-display":"","site-post-title":"","ast-breadcrumbs-content":"","ast-featured-img":"","footer-sml-layout":"","ast-disable-related-posts":"","theme-transparent-header-meta":"default","adv-header-id-meta":"","stick-header-meta":"default","header-above-stick-meta":"","header-main-stick-meta":"","header-below-stick-meta":"","astra-migrate-meta-layouts":"set","ast-page-background-enabled":"default","ast-page-background-meta":{"desktop":{"background-color":"var(--ast-global-color-5)","background-image":"","background-repeat":"repeat","background-position":"center center","background-size":"auto","background-attachment":"scroll","background-type":"","background-media":"","overlay-type":"","overlay-color":"","overlay-opacity":"","overlay-gradient":""},"tablet":{"background-color":"","background-image":"","background-repeat":"repeat","background-position":"center center","background-size":"auto","background-attachment":"scroll","background-type":"","background-media":"","overlay-type":"","overlay-color":"","overlay-opacity":"","overlay-gradient":""},"mobile":{"background-color":"","background-image":"","background-repeat":"repeat","background-position":"center center","background-size":"auto","background-attachment":"scroll","background-type":"","background-media":"","overlay-type":"","overlay-color":"","overlay-opacity":"","overlay-gradient":""}},"ast-content-background-meta":{"desktop":{"background-color":"var(--ast-global-color-4)","background-image":"","background-repeat":"repeat","background-position":"center center","background-size":"auto","background-attachment":"scroll","background-type":"","background-media":"","overlay-type":"","overlay-color":"","overlay-opacity":"","overlay-gradient":""},"tablet":{"background-color":"var(--ast-global-color-4)","background-image":"","background-repeat":"repeat","background-position":"center center","background-size":"auto","background-attachment":"scroll","background-type":"","background-media":"","overlay-type":"","overlay-color":"","overlay-opacity":"","overlay-gradient":""},"mobile":{"background-color":"var(--ast-global-color-4)","background-image":"","background-repeat":"repeat","background-position":"center center","background-size":"auto","background-attachment":"scroll","background-type":"","background-media":"","overlay-type":"","overlay-color":"","overlay-opacity":"","overlay-gradient":""}}},"product_brand":[],"product_cat":[41,20],"product_tag":[],"class_list":{"0":"post-278","1":"product","2":"type-product","3":"status-publish","4":"has-post-thumbnail","6":"product_cat-cool-product","7":"product_cat-showcase-single-door","8":"desktop-align-left","9":"tablet-align-left","10":"mobile-align-left","11":"ast-product-gallery-layout-horizontal-slider","12":"ast-product-tabs-layout-horizontal","14":"first","15":"instock","16":"shipping-taxable","17":"purchasable","18":"product-type-simple"},"aioseo_notices":[],"_links":{"self":[{"href":"https:\/\/artugo.shop\/fr\/wp-json\/wp\/v2\/product\/278","targetHints":{"allow":["GET"]}}],"collection":[{"href":"https:\/\/artugo.shop\/fr\/wp-json\/wp\/v2\/product"}],"about":[{"href":"https:\/\/artugo.shop\/fr\/wp-json\/wp\/v2\/types\/product"}],"replies":[{"embeddable":true,"href":"https:\/\/artugo.shop\/fr\/wp-json\/wp\/v2\/comments?post=278"}],"version-history":[{"count":3,"href":"https:\/\/artugo.shop\/fr\/wp-json\/wp\/v2\/product\/278\/revisions"}],"predecessor-version":[{"id":2339,"href":"https:\/\/artugo.shop\/fr\/wp-json\/wp\/v2\/product\/278\/revisions\/2339"}],"wp:featuredmedia":[{"embeddable":true,"href":"https:\/\/artugo.shop\/fr\/wp-json\/wp\/v2\/media\/2335"}],"wp:attachment":[{"href":"https:\/\/artugo.shop\/fr\/wp-json\/wp\/v2\/media?parent=278"}],"wp:term":[{"taxonomy":"product_brand","embeddable":true,"href":"https:\/\/artugo.shop\/fr\/wp-json\/wp\/v2\/product_brand?post=278"},{"taxonomy":"product_cat","embeddable":true,"href":"https:\/\/artugo.shop\/fr\/wp-json\/wp\/v2\/product_cat?post=278"},{"taxonomy":"product_tag","embeddable":true,"href":"https:\/\/artugo.shop\/fr\/wp-json\/wp\/v2\/product_tag?post=278"}],"curies":[{"name":"wp","href":"https:\/\/api.w.org\/{rel}","templated":true}]}}