{"id":273,"date":"2026-03-30T18:55:57","date_gmt":"2026-03-30T11:55:57","guid":{"rendered":"https:\/\/artugo.shop\/product\/artugo-kulkas-showcase-cooler-lemari-pendingin-1-pintu-320-liter-sv-351-pca-inner-cabinet-no-frost\/"},"modified":"2026-05-06T13:47:15","modified_gmt":"2026-05-06T06:47:15","slug":"artugo-kulkas-showcase-cooler-lemari-pendingin-1-pintu-320-liter-sv-351-pca-inner-cabinet-no-frost","status":"publish","type":"product","link":"https:\/\/artugo.shop\/fr\/product\/artugo-kulkas-showcase-cooler-lemari-pendingin-1-pintu-320-liter-sv-351-pca-inner-cabinet-no-frost\/","title":{"rendered":"Kulkas Showcase Cooler Lemari Pendingin 1 Pintu 320 Liter SV 351 PCA Inner Cabinet No Frost"},"content":{"rendered":"<p>Showcase Cooler SV 351<\/p>\n<p>Sp\u00e9cification<br \/>\nCompresseur \u00e0 large plage de tension (160 \u2013 260 V)<br \/>\nGarantie num\u00e9rique de 5 ans sur le compresseur<br \/>\nTechnologie sans givre<\/p>\n<p>Sp\u00e9cifications g\u00e9n\u00e9rales<br \/>\nCapacity 320 L<br \/>\nWeight 54 KG<br \/>\nTemp\u00e9rature 0-10\u00b0C<br \/>\nInput Power 200 W<br \/>\nPorte double en verre tremp\u00e9<br \/>\nInner Cabinet Aluminium<br \/>\nR\u00e9frig\u00e9rant R600a<br \/>\nTension 220 V<br \/>\nFr\u00e9quence 50 Hz<br \/>\nAutres cadenas et roues<br \/>\nDimension 575x633x1836 mm<\/p>\n<p>Sp\u00e9cifications sp\u00e9ciales<br \/>\nCompresseur \u00e0 large plage de tension (160 \u2013 260 V), sans CFC<br \/>\nCooling System No Frost Technology<br \/>\n\u00c9clairage int\u00e9rieur LED, ventilateur de refroidissement<\/p>\n<p>Garantie<br \/>\nPi\u00e8ce de rechange 1 an<br \/>\nCompresseur 5 ans<\/p>","protected":false},"excerpt":{"rendered":"<p>Showcase Cooler SV 351 Specification Wide-Range Voltage Compressor (160 &#8211; 260 V) 5 Years Compressor Digital Warranty Frost Free (No [&hellip;]<\/p>\n","protected":false},"featured_media":2329,"comment_status":"open","ping_status":"closed","template":"","meta":{"site-sidebar-layout":"default","site-content-layout":"","ast-site-content-layout":"default","site-content-style":"default","site-sidebar-style":"default","ast-global-header-display":"","ast-banner-title-visibility":"","ast-main-header-display":"","ast-hfb-above-header-display":"","ast-hfb-below-header-display":"","ast-hfb-mobile-header-display":"","site-post-title":"","ast-breadcrumbs-content":"","ast-featured-img":"","footer-sml-layout":"","ast-disable-related-posts":"","theme-transparent-header-meta":"default","adv-header-id-meta":"","stick-header-meta":"default","header-above-stick-meta":"","header-main-stick-meta":"","header-below-stick-meta":"","astra-migrate-meta-layouts":"set","ast-page-background-enabled":"default","ast-page-background-meta":{"desktop":{"background-color":"var(--ast-global-color-5)","background-image":"","background-repeat":"repeat","background-position":"center center","background-size":"auto","background-attachment":"scroll","background-type":"","background-media":"","overlay-type":"","overlay-color":"","overlay-opacity":"","overlay-gradient":""},"tablet":{"background-color":"","background-image":"","background-repeat":"repeat","background-position":"center center","background-size":"auto","background-attachment":"scroll","background-type":"","background-media":"","overlay-type":"","overlay-color":"","overlay-opacity":"","overlay-gradient":""},"mobile":{"background-color":"","background-image":"","background-repeat":"repeat","background-position":"center center","background-size":"auto","background-attachment":"scroll","background-type":"","background-media":"","overlay-type":"","overlay-color":"","overlay-opacity":"","overlay-gradient":""}},"ast-content-background-meta":{"desktop":{"background-color":"var(--ast-global-color-4)","background-image":"","background-repeat":"repeat","background-position":"center center","background-size":"auto","background-attachment":"scroll","background-type":"","background-media":"","overlay-type":"","overlay-color":"","overlay-opacity":"","overlay-gradient":""},"tablet":{"background-color":"var(--ast-global-color-4)","background-image":"","background-repeat":"repeat","background-position":"center center","background-size":"auto","background-attachment":"scroll","background-type":"","background-media":"","overlay-type":"","overlay-color":"","overlay-opacity":"","overlay-gradient":""},"mobile":{"background-color":"var(--ast-global-color-4)","background-image":"","background-repeat":"repeat","background-position":"center center","background-size":"auto","background-attachment":"scroll","background-type":"","background-media":"","overlay-type":"","overlay-color":"","overlay-opacity":"","overlay-gradient":""}}},"product_brand":[],"product_cat":[41,20],"product_tag":[],"class_list":{"0":"post-273","1":"product","2":"type-product","3":"status-publish","4":"has-post-thumbnail","6":"product_cat-cool-product","7":"product_cat-showcase-single-door","8":"desktop-align-left","9":"tablet-align-left","10":"mobile-align-left","11":"ast-product-gallery-layout-horizontal-slider","12":"ast-product-tabs-layout-horizontal","14":"first","15":"instock","16":"shipping-taxable","17":"purchasable","18":"product-type-simple"},"aioseo_notices":[],"_links":{"self":[{"href":"https:\/\/artugo.shop\/fr\/wp-json\/wp\/v2\/product\/273","targetHints":{"allow":["GET"]}}],"collection":[{"href":"https:\/\/artugo.shop\/fr\/wp-json\/wp\/v2\/product"}],"about":[{"href":"https:\/\/artugo.shop\/fr\/wp-json\/wp\/v2\/types\/product"}],"replies":[{"embeddable":true,"href":"https:\/\/artugo.shop\/fr\/wp-json\/wp\/v2\/comments?post=273"}],"version-history":[{"count":3,"href":"https:\/\/artugo.shop\/fr\/wp-json\/wp\/v2\/product\/273\/revisions"}],"predecessor-version":[{"id":2333,"href":"https:\/\/artugo.shop\/fr\/wp-json\/wp\/v2\/product\/273\/revisions\/2333"}],"wp:featuredmedia":[{"embeddable":true,"href":"https:\/\/artugo.shop\/fr\/wp-json\/wp\/v2\/media\/2329"}],"wp:attachment":[{"href":"https:\/\/artugo.shop\/fr\/wp-json\/wp\/v2\/media?parent=273"}],"wp:term":[{"taxonomy":"product_brand","embeddable":true,"href":"https:\/\/artugo.shop\/fr\/wp-json\/wp\/v2\/product_brand?post=273"},{"taxonomy":"product_cat","embeddable":true,"href":"https:\/\/artugo.shop\/fr\/wp-json\/wp\/v2\/product_cat?post=273"},{"taxonomy":"product_tag","embeddable":true,"href":"https:\/\/artugo.shop\/fr\/wp-json\/wp\/v2\/product_tag?post=273"}],"curies":[{"name":"wp","href":"https:\/\/api.w.org\/{rel}","templated":true}]}}