{"id":209,"date":"2026-03-30T18:54:21","date_gmt":"2026-03-30T11:54:21","guid":{"rendered":"https:\/\/artugo.shop\/product\/artugo-kompor-tanam-3-tungku-90-cm-ah-3935-fh-artstone-bukan-kaca\/"},"modified":"2026-05-05T16:55:59","modified_gmt":"2026-05-05T09:55:59","slug":"artugo-kompor-tanam-3-tungku-90-cm-ah-3935-fh-artstone-bukan-kaca","status":"publish","type":"product","link":"https:\/\/artugo.shop\/fr\/product\/artugo-kompor-tanam-3-tungku-90-cm-ah-3935-fh-artstone-bukan-kaca\/","title":{"rendered":"Kompor Tanam Art Stone 3 Tungku AH 3935 FH"},"content":{"rendered":"<p>Built In Gas Hob AH 3935 FH<\/p>\n<p>Sp\u00e9cifications :<br \/>\nArt STONE ( SINTERED STONE )<br \/>\nKeungulan yang hadir dalam satu tampilan<br \/>\nPermukaan Artsone : Tahan Panas , Tahan Gores dan ANTI Noda<br \/>\nFull Bras burner \/ Full Kuningan Burner : Pancaran Api Sempurna dan Tahan Deformasi<br \/>\nLotus Flame : Api Besar dan Merata<br \/>\nGas Safety System : Otomatis Putus Aliran Gas Jika Api Padam<br \/>\nMetal Knob : Kendali Presisi dan Tahan Lama<\/p>\n<p>LOTUS Flame :<br \/>\nHigh Power Heat for Indonesian Cuisine<br \/>\nBr\u00fbleurs en laiton massif haute r\u00e9sistance<br \/>\nFull Heat Protector 3nd Gen<br \/>\nProtection de s\u00e9curit\u00e9 gaz<\/p>\n<p>Sp\u00e9cifications g\u00e9n\u00e9rales :<br \/>\nColor BLACK MATT<br \/>\nBurner Qty 3 burners \/ Full Brass<br \/>\nInstallation int\u00e9gr\u00e9e<br \/>\nGas Safety<br \/>\nCooktop\tSintered Stone<br \/>\nBatterie d&#039;allumage<br \/>\nGrid Semi + Full Heat Protector 3nd Gen<\/p>\n<p>D\u00e9tail Ukuran :<br \/>\nUkuran Lubang Meja (panjang x lebar) :  70 \u00d7 40 cm<br \/>\nUkuran Kompor : 85 \u00d7 45 cm<br \/>\nBerat Kompor : 19 kg<\/p>\n<p>Sp\u00e9cifications sp\u00e9ciales :<br \/>\nBouton en m\u00e9tal<br \/>\nGlass<br \/>\nBatterie incluse<\/p>\n<p>Garantie :<br \/>\nPi\u00e8ce de rechange 1 an<br \/>\nBurners + Ignition 3 Year<br \/>\nVerre tremp\u00e9 \u00e0 vie<\/p>","protected":false},"excerpt":{"rendered":"<p>AH 3935 FH + Paking Kayu<\/p>","protected":false},"featured_media":0,"comment_status":"open","ping_status":"closed","template":"","meta":{"site-sidebar-layout":"default","site-content-layout":"","ast-site-content-layout":"default","site-content-style":"default","site-sidebar-style":"default","ast-global-header-display":"","ast-banner-title-visibility":"","ast-main-header-display":"","ast-hfb-above-header-display":"","ast-hfb-below-header-display":"","ast-hfb-mobile-header-display":"","site-post-title":"","ast-breadcrumbs-content":"","ast-featured-img":"","footer-sml-layout":"","ast-disable-related-posts":"","theme-transparent-header-meta":"default","adv-header-id-meta":"","stick-header-meta":"default","header-above-stick-meta":"","header-main-stick-meta":"","header-below-stick-meta":"","astra-migrate-meta-layouts":"set","ast-page-background-enabled":"default","ast-page-background-meta":{"desktop":{"background-color":"var(--ast-global-color-5)","background-image":"","background-repeat":"repeat","background-position":"center center","background-size":"auto","background-attachment":"scroll","background-type":"","background-media":"","overlay-type":"","overlay-color":"","overlay-opacity":"","overlay-gradient":""},"tablet":{"background-color":"","background-image":"","background-repeat":"repeat","background-position":"center center","background-size":"auto","background-attachment":"scroll","background-type":"","background-media":"","overlay-type":"","overlay-color":"","overlay-opacity":"","overlay-gradient":""},"mobile":{"background-color":"","background-image":"","background-repeat":"repeat","background-position":"center center","background-size":"auto","background-attachment":"scroll","background-type":"","background-media":"","overlay-type":"","overlay-color":"","overlay-opacity":"","overlay-gradient":""}},"ast-content-background-meta":{"desktop":{"background-color":"var(--ast-global-color-4)","background-image":"","background-repeat":"repeat","background-position":"center center","background-size":"auto","background-attachment":"scroll","background-type":"","background-media":"","overlay-type":"","overlay-color":"","overlay-opacity":"","overlay-gradient":""},"tablet":{"background-color":"var(--ast-global-color-4)","background-image":"","background-repeat":"repeat","background-position":"center center","background-size":"auto","background-attachment":"scroll","background-type":"","background-media":"","overlay-type":"","overlay-color":"","overlay-opacity":"","overlay-gradient":""},"mobile":{"background-color":"var(--ast-global-color-4)","background-image":"","background-repeat":"repeat","background-position":"center center","background-size":"auto","background-attachment":"scroll","background-type":"","background-media":"","overlay-type":"","overlay-color":"","overlay-opacity":"","overlay-gradient":""}}},"product_brand":[],"product_cat":[18],"product_tag":[],"class_list":{"0":"post-209","1":"product","2":"type-product","3":"status-publish","5":"product_cat-built-in-gas-hop","6":"desktop-align-left","7":"tablet-align-left","8":"mobile-align-left","9":"ast-product-gallery-layout-horizontal-slider","10":"ast-product-tabs-layout-horizontal","12":"first","13":"instock","14":"shipping-taxable","15":"purchasable","16":"product-type-simple"},"aioseo_notices":[],"_links":{"self":[{"href":"https:\/\/artugo.shop\/fr\/wp-json\/wp\/v2\/product\/209","targetHints":{"allow":["GET"]}}],"collection":[{"href":"https:\/\/artugo.shop\/fr\/wp-json\/wp\/v2\/product"}],"about":[{"href":"https:\/\/artugo.shop\/fr\/wp-json\/wp\/v2\/types\/product"}],"replies":[{"embeddable":true,"href":"https:\/\/artugo.shop\/fr\/wp-json\/wp\/v2\/comments?post=209"}],"version-history":[{"count":2,"href":"https:\/\/artugo.shop\/fr\/wp-json\/wp\/v2\/product\/209\/revisions"}],"predecessor-version":[{"id":2301,"href":"https:\/\/artugo.shop\/fr\/wp-json\/wp\/v2\/product\/209\/revisions\/2301"}],"wp:attachment":[{"href":"https:\/\/artugo.shop\/fr\/wp-json\/wp\/v2\/media?parent=209"}],"wp:term":[{"taxonomy":"product_brand","embeddable":true,"href":"https:\/\/artugo.shop\/fr\/wp-json\/wp\/v2\/product_brand?post=209"},{"taxonomy":"product_cat","embeddable":true,"href":"https:\/\/artugo.shop\/fr\/wp-json\/wp\/v2\/product_cat?post=209"},{"taxonomy":"product_tag","embeddable":true,"href":"https:\/\/artugo.shop\/fr\/wp-json\/wp\/v2\/product_tag?post=209"}],"curies":[{"name":"wp","href":"https:\/\/api.w.org\/{rel}","templated":true}]}}