{"id":192,"date":"2026-03-30T18:53:59","date_gmt":"2026-03-30T11:53:59","guid":{"rendered":"https:\/\/artugo.shop\/product\/artugo-chest-freezer-box-210-liter-cf-201-dn-pcm-inner-kabinet-low-watt\/"},"modified":"2026-04-07T13:46:26","modified_gmt":"2026-04-07T06:46:26","slug":"artugo-chest-freezer-box-210-liter-cf-201-dn-pcm-inner-kabinet-low-watt","status":"publish","type":"product","link":"https:\/\/artugo.shop\/fr\/product\/artugo-chest-freezer-box-210-liter-cf-201-dn-pcm-inner-kabinet-low-watt\/","title":{"rendered":"ARTUGO CHEST FREEZER BOX  210 Liter CF 201 DN ( PCM  Inner Kabinet ) low watt"},"content":{"rendered":"<p>Chest Freezer CF 201 DN<\/p>\n<p>Sp\u00e9cification<br \/>\nPCM Inner Cabinet<br \/>\nGarantie num\u00e9rique de 5 ans sur le compresseur<br \/>\nExtra Safe, Quick Freezing<br \/>\nCompresseur silencieux, porte simple et \u00e9l\u00e9gante, mobile flexible<br \/>\n\u00c9conomies d&#039;\u00e9nergie, facilit\u00e9 d&#039;installation, bo\u00eetier sans cadre, soudure sans joint, joint amovible<\/p>\n<p>Product Detail<br \/>\nSp\u00e9cifications g\u00e9n\u00e9rales<br \/>\nPorte 1<br \/>\nNoir glamour<br \/>\nTotal Capacity 210 L<br \/>\nFreezing Capacity 15 KG\/24 Hours<br \/>\nWeight 28 KG<br \/>\nInput Power 88 W<br \/>\nTemp\u00e9rature -25\u00b0C<br \/>\n\u00c9paisseur d&#039;isolation 62 mm<br \/>\nR\u00e9frig\u00e9rant R600a<br \/>\nTension 220 V<br \/>\nFr\u00e9quence 50 Hz<br \/>\nAutres cadenas et roues<br \/>\nDimension 827x556x845 mm<\/p>\n<p>Sp\u00e9cifications sp\u00e9ciales<br \/>\nInner Cabine tPCM<br \/>\nGarantie<\/p>\n<p>Pi\u00e8ce de rechange 1 an<br \/>\nCompressor5 Year<\/p>","protected":false},"excerpt":{"rendered":"<p>CF 201 DN + Paking Kayu<\/p>","protected":false},"featured_media":1220,"comment_status":"open","ping_status":"closed","template":"","meta":{"site-sidebar-layout":"default","site-content-layout":"","ast-site-content-layout":"default","site-content-style":"default","site-sidebar-style":"default","ast-global-header-display":"","ast-banner-title-visibility":"","ast-main-header-display":"","ast-hfb-above-header-display":"","ast-hfb-below-header-display":"","ast-hfb-mobile-header-display":"","site-post-title":"","ast-breadcrumbs-content":"","ast-featured-img":"","footer-sml-layout":"","ast-disable-related-posts":"","theme-transparent-header-meta":"default","adv-header-id-meta":"","stick-header-meta":"default","header-above-stick-meta":"","header-main-stick-meta":"","header-below-stick-meta":"","astra-migrate-meta-layouts":"set","ast-page-background-enabled":"default","ast-page-background-meta":{"desktop":{"background-color":"var(--ast-global-color-5)","background-image":"","background-repeat":"repeat","background-position":"center center","background-size":"auto","background-attachment":"scroll","background-type":"","background-media":"","overlay-type":"","overlay-color":"","overlay-opacity":"","overlay-gradient":""},"tablet":{"background-color":"","background-image":"","background-repeat":"repeat","background-position":"center center","background-size":"auto","background-attachment":"scroll","background-type":"","background-media":"","overlay-type":"","overlay-color":"","overlay-opacity":"","overlay-gradient":""},"mobile":{"background-color":"","background-image":"","background-repeat":"repeat","background-position":"center center","background-size":"auto","background-attachment":"scroll","background-type":"","background-media":"","overlay-type":"","overlay-color":"","overlay-opacity":"","overlay-gradient":""}},"ast-content-background-meta":{"desktop":{"background-color":"var(--ast-global-color-4)","background-image":"","background-repeat":"repeat","background-position":"center center","background-size":"auto","background-attachment":"scroll","background-type":"","background-media":"","overlay-type":"","overlay-color":"","overlay-opacity":"","overlay-gradient":""},"tablet":{"background-color":"var(--ast-global-color-4)","background-image":"","background-repeat":"repeat","background-position":"center center","background-size":"auto","background-attachment":"scroll","background-type":"","background-media":"","overlay-type":"","overlay-color":"","overlay-opacity":"","overlay-gradient":""},"mobile":{"background-color":"var(--ast-global-color-4)","background-image":"","background-repeat":"repeat","background-position":"center center","background-size":"auto","background-attachment":"scroll","background-type":"","background-media":"","overlay-type":"","overlay-color":"","overlay-opacity":"","overlay-gradient":""}}},"product_brand":[],"product_cat":[19],"product_tag":[],"class_list":{"0":"post-192","1":"product","2":"type-product","3":"status-publish","4":"has-post-thumbnail","6":"product_cat-chest-freezer-large","7":"desktop-align-left","8":"tablet-align-left","9":"mobile-align-left","10":"ast-product-gallery-layout-horizontal-slider","11":"ast-product-tabs-layout-horizontal","13":"first","14":"instock","15":"shipping-taxable","16":"purchasable","17":"product-type-simple"},"aioseo_notices":[],"_links":{"self":[{"href":"https:\/\/artugo.shop\/fr\/wp-json\/wp\/v2\/product\/192","targetHints":{"allow":["GET"]}}],"collection":[{"href":"https:\/\/artugo.shop\/fr\/wp-json\/wp\/v2\/product"}],"about":[{"href":"https:\/\/artugo.shop\/fr\/wp-json\/wp\/v2\/types\/product"}],"replies":[{"embeddable":true,"href":"https:\/\/artugo.shop\/fr\/wp-json\/wp\/v2\/comments?post=192"}],"version-history":[{"count":0,"href":"https:\/\/artugo.shop\/fr\/wp-json\/wp\/v2\/product\/192\/revisions"}],"wp:featuredmedia":[{"embeddable":true,"href":"https:\/\/artugo.shop\/fr\/wp-json\/wp\/v2\/media\/1220"}],"wp:attachment":[{"href":"https:\/\/artugo.shop\/fr\/wp-json\/wp\/v2\/media?parent=192"}],"wp:term":[{"taxonomy":"product_brand","embeddable":true,"href":"https:\/\/artugo.shop\/fr\/wp-json\/wp\/v2\/product_brand?post=192"},{"taxonomy":"product_cat","embeddable":true,"href":"https:\/\/artugo.shop\/fr\/wp-json\/wp\/v2\/product_cat?post=192"},{"taxonomy":"product_tag","embeddable":true,"href":"https:\/\/artugo.shop\/fr\/wp-json\/wp\/v2\/product_tag?post=192"}],"curies":[{"name":"wp","href":"https:\/\/api.w.org\/{rel}","templated":true}]}}