{"id":139,"date":"2026-03-30T18:52:50","date_gmt":"2026-03-30T11:52:50","guid":{"rendered":"https:\/\/artugo.shop\/product\/artugo-penghisap-asap-low-watt-cooker-hood-70-cm-ax-7115-sb-slim-hood\/"},"modified":"2026-04-08T11:56:55","modified_gmt":"2026-04-08T04:56:55","slug":"artugo-penghisap-asap-low-watt-cooker-hood-70-cm-ax-7115-sb-slim-hood","status":"publish","type":"product","link":"https:\/\/artugo.shop\/fr\/product\/artugo-penghisap-asap-low-watt-cooker-hood-70-cm-ax-7115-sb-slim-hood\/","title":{"rendered":"Hotte aspirante basse consommation ARTUGO Penghisap Asap 70 cm AX 7115 SB Slim"},"content":{"rendered":"<p>ARTUGO Cooker Hood AX 7115 SB LOW WATT<\/p>\n<p>Sp\u00e9cifications :<br \/>\nLOW WATT 20 watt<br \/>\nHotte aspirante mince 70 cm<br \/>\nFiltration multiple<br \/>\nFacilit\u00e9 d&#039;utilisation<br \/>\nSyst\u00e8me de recirculation \/ de conduits<br \/>\nNaviguez facilement<\/p>\n<p>Sp\u00e9cifications g\u00e9n\u00e9rales :<br \/>\nCouleur Onyx Noir<br \/>\nType Slim<br \/>\nControl Mechanical<br \/>\nDisplay No<br \/>\nLampe LED 1x2W<br \/>\nOutlet (mm ) 120<br \/>\nMotor 1 x 20 Watt<br \/>\nProd. WxDxH ( mm ) \/ kg 700x500x80 \/ 7 kg<br \/>\nPack. WxDxH (mm) \/ kg 745x530x140 \/ 8 kg<\/p>\n<p>Sp\u00e9cifications sp\u00e9ciales :<br \/>\nFilter 1 Aluminum Filter<br \/>\nFilter 2 Carl coal Mat<br \/>\nOverheat Protection Yes<\/p>\n<p>Garantie :<br \/>\nMotor 3 Years<br \/>\nSpare Parts 1 Year<\/p>","protected":false},"excerpt":{"rendered":"<p>AX 7115 SB + Paking Kayu<\/p>","protected":false},"featured_media":0,"comment_status":"open","ping_status":"closed","template":"","meta":{"site-sidebar-layout":"default","site-content-layout":"","ast-site-content-layout":"default","site-content-style":"default","site-sidebar-style":"default","ast-global-header-display":"","ast-banner-title-visibility":"","ast-main-header-display":"","ast-hfb-above-header-display":"","ast-hfb-below-header-display":"","ast-hfb-mobile-header-display":"","site-post-title":"","ast-breadcrumbs-content":"","ast-featured-img":"","footer-sml-layout":"","ast-disable-related-posts":"","theme-transparent-header-meta":"default","adv-header-id-meta":"","stick-header-meta":"default","header-above-stick-meta":"","header-main-stick-meta":"","header-below-stick-meta":"","astra-migrate-meta-layouts":"set","ast-page-background-enabled":"default","ast-page-background-meta":{"desktop":{"background-color":"var(--ast-global-color-5)","background-image":"","background-repeat":"repeat","background-position":"center center","background-size":"auto","background-attachment":"scroll","background-type":"","background-media":"","overlay-type":"","overlay-color":"","overlay-opacity":"","overlay-gradient":""},"tablet":{"background-color":"","background-image":"","background-repeat":"repeat","background-position":"center center","background-size":"auto","background-attachment":"scroll","background-type":"","background-media":"","overlay-type":"","overlay-color":"","overlay-opacity":"","overlay-gradient":""},"mobile":{"background-color":"","background-image":"","background-repeat":"repeat","background-position":"center center","background-size":"auto","background-attachment":"scroll","background-type":"","background-media":"","overlay-type":"","overlay-color":"","overlay-opacity":"","overlay-gradient":""}},"ast-content-background-meta":{"desktop":{"background-color":"var(--ast-global-color-4)","background-image":"","background-repeat":"repeat","background-position":"center center","background-size":"auto","background-attachment":"scroll","background-type":"","background-media":"","overlay-type":"","overlay-color":"","overlay-opacity":"","overlay-gradient":""},"tablet":{"background-color":"var(--ast-global-color-4)","background-image":"","background-repeat":"repeat","background-position":"center center","background-size":"auto","background-attachment":"scroll","background-type":"","background-media":"","overlay-type":"","overlay-color":"","overlay-opacity":"","overlay-gradient":""},"mobile":{"background-color":"var(--ast-global-color-4)","background-image":"","background-repeat":"repeat","background-position":"center center","background-size":"auto","background-attachment":"scroll","background-type":"","background-media":"","overlay-type":"","overlay-color":"","overlay-opacity":"","overlay-gradient":""}}},"product_brand":[],"product_cat":[21],"product_tag":[],"class_list":{"0":"post-139","1":"product","2":"type-product","3":"status-publish","5":"product_cat-hood","6":"desktop-align-left","7":"tablet-align-left","8":"mobile-align-left","9":"ast-product-gallery-layout-horizontal-slider","10":"ast-product-tabs-layout-horizontal","12":"first","13":"instock","14":"shipping-taxable","15":"purchasable","16":"product-type-simple"},"aioseo_notices":[],"_links":{"self":[{"href":"https:\/\/artugo.shop\/fr\/wp-json\/wp\/v2\/product\/139","targetHints":{"allow":["GET"]}}],"collection":[{"href":"https:\/\/artugo.shop\/fr\/wp-json\/wp\/v2\/product"}],"about":[{"href":"https:\/\/artugo.shop\/fr\/wp-json\/wp\/v2\/types\/product"}],"replies":[{"embeddable":true,"href":"https:\/\/artugo.shop\/fr\/wp-json\/wp\/v2\/comments?post=139"}],"version-history":[{"count":0,"href":"https:\/\/artugo.shop\/fr\/wp-json\/wp\/v2\/product\/139\/revisions"}],"wp:attachment":[{"href":"https:\/\/artugo.shop\/fr\/wp-json\/wp\/v2\/media?parent=139"}],"wp:term":[{"taxonomy":"product_brand","embeddable":true,"href":"https:\/\/artugo.shop\/fr\/wp-json\/wp\/v2\/product_brand?post=139"},{"taxonomy":"product_cat","embeddable":true,"href":"https:\/\/artugo.shop\/fr\/wp-json\/wp\/v2\/product_cat?post=139"},{"taxonomy":"product_tag","embeddable":true,"href":"https:\/\/artugo.shop\/fr\/wp-json\/wp\/v2\/product_tag?post=139"}],"curies":[{"name":"wp","href":"https:\/\/api.w.org\/{rel}","templated":true}]}}