{"id":106,"date":"2026-03-30T18:52:15","date_gmt":"2026-03-30T11:52:15","guid":{"rendered":"https:\/\/artugo.shop\/product\/artugo-chest-freezer-box-cf-361-cn-330-liter\/"},"modified":"2026-04-07T13:13:49","modified_gmt":"2026-04-07T06:13:49","slug":"artugo-chest-freezer-box-cf-361-cn-330-liter","status":"publish","type":"product","link":"https:\/\/artugo.shop\/fr\/product\/artugo-chest-freezer-box-cf-361-cn-330-liter\/","title":{"rendered":"ARTUGO Chest Freezer Box CF 361 CN (330 Liter)"},"content":{"rendered":"<p>Chest Freezer CF 361 CN<\/p>\n<p>Sp\u00e9cification<br \/>\nCompresseur \u00e0 large plage de tension (160 \u2013 260 V)<\/p>\n<p>Garantie num\u00e9rique de 5 ans sur le compresseur<\/p>\n<p>Digital Temperature<\/p>\n<p>PCA Easy To Clean, Extra Safe, Quick Freezing<\/p>\n<p>Compresseur silencieux, porte simple et \u00e9l\u00e9gante, mobile flexible<\/p>\n<p>Energy Saving, Arrangement Easiness, Removable Gasket<\/p>\n<p>Sp\u00e9cifications g\u00e9n\u00e9rales<br \/>\nPorte 1<br \/>\nColor Black<br \/>\nCapacity 320 L<br \/>\nFreezing Capacity &#8211;<br \/>\nWeight 41<br \/>\nInput Power 135 W<br \/>\nTemp\u00e9rature -25\u00b0C<br \/>\nR\u00e9frig\u00e9rant R600a<br \/>\nVoltage 220 V<br \/>\nDimension 1104x678x830<\/p>\n<p>Sp\u00e9cifications sp\u00e9ciales<br \/>\nBo\u00eetier interne PCA<br \/>\nDigital Temperature Yes<\/p>\n<p>Garantie<br \/>\nCompresseur 5 ans<br \/>\nPi\u00e8ce de rechange 1 an<\/p>\n<p>*Untuk kiriman jakarta tangerang area<br \/>\nbisa pilih kurir toko ( free ongkir )<br \/>\nsilahkan hub admin<\/p>","protected":false},"excerpt":{"rendered":"<p>Chest Freezer CF 361 CN Specification Wide-Range Voltage Compressor (160 &#8211; 260 V) 5 Years Compressor Digital Warranty Digital Temperature [&hellip;]<\/p>\n","protected":false},"featured_media":1195,"comment_status":"open","ping_status":"closed","template":"","meta":{"site-sidebar-layout":"default","site-content-layout":"","ast-site-content-layout":"default","site-content-style":"default","site-sidebar-style":"default","ast-global-header-display":"","ast-banner-title-visibility":"","ast-main-header-display":"","ast-hfb-above-header-display":"","ast-hfb-below-header-display":"","ast-hfb-mobile-header-display":"","site-post-title":"","ast-breadcrumbs-content":"","ast-featured-img":"","footer-sml-layout":"","ast-disable-related-posts":"","theme-transparent-header-meta":"default","adv-header-id-meta":"","stick-header-meta":"default","header-above-stick-meta":"","header-main-stick-meta":"","header-below-stick-meta":"","astra-migrate-meta-layouts":"set","ast-page-background-enabled":"default","ast-page-background-meta":{"desktop":{"background-color":"var(--ast-global-color-5)","background-image":"","background-repeat":"repeat","background-position":"center center","background-size":"auto","background-attachment":"scroll","background-type":"","background-media":"","overlay-type":"","overlay-color":"","overlay-opacity":"","overlay-gradient":""},"tablet":{"background-color":"","background-image":"","background-repeat":"repeat","background-position":"center center","background-size":"auto","background-attachment":"scroll","background-type":"","background-media":"","overlay-type":"","overlay-color":"","overlay-opacity":"","overlay-gradient":""},"mobile":{"background-color":"","background-image":"","background-repeat":"repeat","background-position":"center center","background-size":"auto","background-attachment":"scroll","background-type":"","background-media":"","overlay-type":"","overlay-color":"","overlay-opacity":"","overlay-gradient":""}},"ast-content-background-meta":{"desktop":{"background-color":"var(--ast-global-color-4)","background-image":"","background-repeat":"repeat","background-position":"center center","background-size":"auto","background-attachment":"scroll","background-type":"","background-media":"","overlay-type":"","overlay-color":"","overlay-opacity":"","overlay-gradient":""},"tablet":{"background-color":"var(--ast-global-color-4)","background-image":"","background-repeat":"repeat","background-position":"center center","background-size":"auto","background-attachment":"scroll","background-type":"","background-media":"","overlay-type":"","overlay-color":"","overlay-opacity":"","overlay-gradient":""},"mobile":{"background-color":"var(--ast-global-color-4)","background-image":"","background-repeat":"repeat","background-position":"center center","background-size":"auto","background-attachment":"scroll","background-type":"","background-media":"","overlay-type":"","overlay-color":"","overlay-opacity":"","overlay-gradient":""}}},"product_brand":[],"product_cat":[19],"product_tag":[],"class_list":{"0":"post-106","1":"product","2":"type-product","3":"status-publish","4":"has-post-thumbnail","6":"product_cat-chest-freezer-large","7":"desktop-align-left","8":"tablet-align-left","9":"mobile-align-left","10":"ast-product-gallery-layout-horizontal-slider","11":"ast-product-tabs-layout-horizontal","13":"first","14":"instock","15":"shipping-taxable","16":"purchasable","17":"product-type-simple"},"aioseo_notices":[],"_links":{"self":[{"href":"https:\/\/artugo.shop\/fr\/wp-json\/wp\/v2\/product\/106","targetHints":{"allow":["GET"]}}],"collection":[{"href":"https:\/\/artugo.shop\/fr\/wp-json\/wp\/v2\/product"}],"about":[{"href":"https:\/\/artugo.shop\/fr\/wp-json\/wp\/v2\/types\/product"}],"replies":[{"embeddable":true,"href":"https:\/\/artugo.shop\/fr\/wp-json\/wp\/v2\/comments?post=106"}],"version-history":[{"count":0,"href":"https:\/\/artugo.shop\/fr\/wp-json\/wp\/v2\/product\/106\/revisions"}],"wp:featuredmedia":[{"embeddable":true,"href":"https:\/\/artugo.shop\/fr\/wp-json\/wp\/v2\/media\/1195"}],"wp:attachment":[{"href":"https:\/\/artugo.shop\/fr\/wp-json\/wp\/v2\/media?parent=106"}],"wp:term":[{"taxonomy":"product_brand","embeddable":true,"href":"https:\/\/artugo.shop\/fr\/wp-json\/wp\/v2\/product_brand?post=106"},{"taxonomy":"product_cat","embeddable":true,"href":"https:\/\/artugo.shop\/fr\/wp-json\/wp\/v2\/product_cat?post=106"},{"taxonomy":"product_tag","embeddable":true,"href":"https:\/\/artugo.shop\/fr\/wp-json\/wp\/v2\/product_tag?post=106"}],"curies":[{"name":"wp","href":"https:\/\/api.w.org\/{rel}","templated":true}]}}