{"id":3,"date":"2026-03-27T03:54:41","date_gmt":"2026-03-27T03:54:41","guid":{"rendered":"http:\/\/artugo.shop\/?page_id=3"},"modified":"2026-03-31T13:20:50","modified_gmt":"2026-03-31T06:20:50","slug":"politique-de-confidentialite","status":"publish","type":"page","link":"https:\/\/artugo.shop\/fr\/privacy-policy\/","title":{"rendered":"politique de confidentialit\u00e9"},"content":{"rendered":"<h1 class=\"wp-block-heading\">politique de confidentialit\u00e9<\/h1>\r\n<div class=\"page-content\">\r\n<p><strong>Politique de confidentialit\u00e9 d&#039;ARTUGO<\/strong><\/p>\r\n<p>ARTUGO s&#039;engage \u00e0 prot\u00e9ger vos donn\u00e9es personnelles lorsque vous utilisez nos services, notamment le partage d&#039;informations, les demandes de renseignements et l&#039;\u00e9tablissement d&#039;une communication g\u00e9n\u00e9rale via notre plateforme. Les conditions d\u00e9finies dans la Politique de confidentialit\u00e9 (\u201c\u00a0Politique\u00a0\u201d) s&#039;appliquent \u00e0 l&#039;ensemble du contenu publi\u00e9 sur notre plateforme, sauf indication contraire. La Politique pr\u00e9cise \u00e9galement le type d&#039;informations que nous collectons, les raisons de cette collecte, l&#039;utilisation que nous en faisons, la partie responsable de la collecte et de l&#039;utilisation de vos donn\u00e9es personnelles, ainsi que les modalit\u00e9s de mise \u00e0 jour de vos informations.<\/p>\r\n<p>En utilisant notre site web, vous reconnaissez avoir lu et accept\u00e9 les conditions \u00e9nonc\u00e9es dans la pr\u00e9sente politique. Si certains termes vous semblent obscurs, n&#039;h\u00e9sitez pas \u00e0 nous contacter.<\/p>\r\n<p>Ce site appartient \u00e0 ARTUGO Digital et est accessible \u00e0 tous, partout dans le monde. Nous sommes les seuls responsables du traitement des donn\u00e9es collect\u00e9es. La protection de vos donn\u00e9es personnelles est primordiale pour nous\u00a0; c\u2019est pourquoi nous vous invitons \u00e0 prendre le temps de lire et de comprendre notre Politique de confidentialit\u00e9, car elle peut diff\u00e9rer de la l\u00e9gislation en vigueur dans votre pays ou offrir une protection moindre.<\/p>\r\n<p>&nbsp;<\/p>\r\n<p>&nbsp;<\/p>\r\n<p><strong>Informations que nous recueillons<\/strong><\/p>\r\n<p>Nous collectons certaines informations afin de fournir de meilleurs services \u00e0 tous nos utilisateurs, notamment \u2013 mais sans s&#039;y limiter \u2013 les sites de r\u00e9f\u00e9rence, l&#039;adresse IP, le type de navigateur, la langue par d\u00e9faut et d&#039;autres informations (plus complexes) telles que votre comportement et vos pr\u00e9f\u00e9rences particuli\u00e8res lors de l&#039;utilisation du site.<\/p>\r\n<p><strong>Nous recueillons des informations de la mani\u00e8re suivante\u00a0:<\/strong><\/p>\r\n<p>Communication volontaire des informations. Il s&#039;agit des informations que nous vous demandons de fournir pour continuer \u00e0 utiliser nos services. Ces informations comprennent, par exemple\u00a0: votre nom, votre adresse e-mail, votre num\u00e9ro de t\u00e9l\u00e9phone ou vos informations de carte bancaire. Vous \u00eates libre de ne pas fournir vos informations personnelles\u00a0; toutefois, certains services pourraient ne pas vous \u00eatre accessibles. Vos informations personnelles seront collect\u00e9es lors de votre inscription, mais vous pouvez les modifier \u00e0 tout moment.<\/p>\r\n<p>Appareils. Le terme \u201c\u00a0appareils\u00a0\u201d d\u00e9signe votre mod\u00e8le de mat\u00e9riel, votre syst\u00e8me d\u2019exploitation (et ses versions ult\u00e9rieures), ainsi que les autres applications accessibles en ligne install\u00e9es sur vos appareils. Nous pouvons collecter des donn\u00e9es et des informations relatives aux services que vous utilisez via vos appareils, telles que votre localisation, le contenu de votre stockage local, etc.<\/p>\r\n<p>&nbsp;<\/p>\r\n<p><strong>Utilisation des informations personnelles<\/strong><\/p>\r\n<p>Services et exp\u00e9rience utilisateur. Nous collectons et utilisons vos informations personnelles pour fournir des services sur notre site, le maintenir, le prot\u00e9ger et l&#039;am\u00e9liorer. Nous utilisons \u00e9galement ces donn\u00e9es pour optimiser l&#039;exp\u00e9rience de nos clients, notamment en menant des \u00e9tudes et des analyses afin de personnaliser l&#039;affichage de nos contenus en fonction de vos centres d&#039;int\u00e9r\u00eat et de vos pr\u00e9f\u00e9rences.<\/p>\r\n<p>Communication. Nous utiliserons \u00e9galement vos donn\u00e9es personnelles pour communiquer avec vous, par exemple si d&#039;autres utilisateurs utilisent ou partagent vos informations ou votre compte sur notre plateforme. Nous pourrons \u00e9galement vous envoyer des messages relatifs aux transactions, tels que des rappels de facturation et des confirmations d&#039;achat. De plus, nous utiliserons vos donn\u00e9es personnelles pour vous informer de nos activit\u00e9s marketing (sondages) et des mises \u00e0 jour de nos services et fonctionnalit\u00e9s.<\/p>\r\n<p>D\u00e9pannage. Nous respectons vos choix concernant les param\u00e8tres de partage et de visibilit\u00e9 de votre compte. Nous conservons un historique de vos \u00e9changes afin de vous aider \u00e0 r\u00e9soudre les probl\u00e8mes que vous pourriez rencontrer. Soyez assur\u00e9(e) que nous vous demanderons toujours votre consentement avant d&#039;utiliser vos informations personnelles \u00e0 des fins autres que celles stipul\u00e9es dans la pr\u00e9sente Politique.<\/p>\r\n<p>&nbsp;<\/p>\r\n<p><strong>Partage d&#039;informations personnelles<\/strong><\/p>\r\n<p>Nous ne partageons pas vos informations personnelles, sauf si la loi l&#039;exige dans l&#039;une des circonstances suivantes.<\/p>\r\n<p>Traitement externe. Nous pouvons \u00eatre amen\u00e9s \u00e0 communiquer vos donn\u00e9es personnelles \u00e0 des tiers qui fournissent des services pour notre compte\u00a0; il peut s\u2019agir de nos filiales ou d\u2019autres entreprises ou personnes de confiance. Dans ce cas, ces tiers traiteront les informations que nous avons collect\u00e9es pour notre compte\u00a0; par exemple, des entreprises qui g\u00e8rent nos services marketing, le traitement des paiements, le stockage des donn\u00e9es, l\u2019h\u00e9bergement de notre site web ou d\u2019autres entit\u00e9s dont l\u2019expertise peut inclure la cr\u00e9ation d\u2019interfaces utilisateur, la r\u00e9alisation d\u2019enqu\u00eates, etc. Les informations que nous partageons avec ces tiers seront trait\u00e9es exclusivement \u00e0 notre demande et selon nos instructions\u00a0; ces tiers sont tenus de garantir la confidentialit\u00e9 de ces informations et n\u2019ont pas le droit de les utiliser \u00e0 d\u2019autres fins.<\/p>\r\n<p>Nous avons conclu un accord de confidentialit\u00e9 avec chacun de nos partenaires et exigeons express\u00e9ment qu&#039;il soit conforme \u00e0 notre politique. Toutefois, les informations personnelles peuvent \u00eatre divulgu\u00e9es en cas de fusion, d&#039;acquisition, de cession d&#039;actifs ou de faillite.<\/p>\r\n<p>Raisons l\u00e9gales. Nous nous r\u00e9servons le droit de divulguer vos informations personnelles lorsque la loi nous y oblige. Nous divulguerons vos informations de bonne foi, si nous estimons que cela est n\u00e9cessaire pour r\u00e9pondre aux demandes l\u00e9gales, aux proc\u00e9dures et \u00e0 toute autre requ\u00eate ex\u00e9cutoire des autorit\u00e9s. Par ailleurs, \u00e0 titre exceptionnel, afin de prot\u00e9ger les droits, les biens ou la s\u00e9curit\u00e9 de notre entreprise, de nos clients, de nos utilisateurs ou du public, conform\u00e9ment \u00e0 la loi, nous pouvons \u00eatre amen\u00e9s \u00e0 divulguer vos informations personnelles.<\/p>\r\n<p>&nbsp;<\/p>\r\n<p><strong>Acc\u00e8s et mise \u00e0 jour de vos informations personnelles<\/strong><\/p>\r\n<p>Vous pouvez consulter et modifier vos informations personnelles sur notre site \u00e0 tout moment. N&#039;h\u00e9sitez pas \u00e0 les mettre \u00e0 jour selon vos besoins.<\/p>\r\n<p>Notre objectif est de maintenir nos services de mani\u00e8re \u00e0 prot\u00e9ger les informations contre toute destruction irr\u00e9versible. Par cons\u00e9quent, il se peut que nous ne supprimions pas imm\u00e9diatement les copies r\u00e9siduelles des donn\u00e9es personnelles de nos utilisateurs sur nos serveurs actifs et que nous ne retirions pas l&#039;int\u00e9gralit\u00e9 des donn\u00e9es de notre syst\u00e8me de sauvegarde.<\/p>\r\n<p>&nbsp;<\/p>\r\n<p><strong>Cookies et autres technologies<\/strong><\/p>\r\n<p>Nous (et nos partenaires) pouvons utiliser plusieurs technologies pour collecter et stocker des informations, notamment l&#039;utilisation de \u201c cookies \u201d et d&#039;autres m\u00e9thodes de collecte de donn\u00e9es similaires telles que les pixels invisibles, les balises Web, etc., \u00e0 certaines fins telles que vous permettre d&#039;identifier votre navigateur ou vos appareils, de vous abonner \u00e0 nos services et de personnaliser et d&#039;am\u00e9liorer l&#039;exp\u00e9rience de nos utilisateurs.<\/p>\r\n<p>Nous utilisons \u00e9galement ces technologies pour collecter et stocker des informations lorsque vous interagissez avec les services que nous proposons \u00e0 nos partenaires ou avec d&#039;autres fonctionnalit\u00e9s affich\u00e9es sur notre site.<\/p>\r\n<p>&nbsp;<\/p>\r\n<p><strong>s\u00e9curit\u00e9 de l&#039;information<\/strong><\/p>\r\n<p>Nous accordons une grande importance \u00e0 la protection de vos donn\u00e9es personnelles. C&#039;est pourquoi nous appliquons les normes de s\u00e9curit\u00e9 g\u00e9n\u00e9ralement reconnues dans le secteur. Par exemple, lorsque vous fournissez des informations sensibles via notre formulaire d&#039;inscription en ligne, nous les chiffrons \u00e0 l&#039;aide du protocole SSL (Secure Socket Layer). Toutefois, il est important de comprendre qu&#039;aucune mesure de s\u00e9curit\u00e9 actuellement disponible sur Internet ne peut garantir une protection absolue.<\/p>\r\n<p>Nous tenons \u00e9galement \u00e0 vous rappeler qu&#039;il est de votre seule responsabilit\u00e9 de garder votre mot de passe confidentiel afin de prot\u00e9ger votre compte et vos informations personnelles.<\/p>\r\n<p>&nbsp;<\/p>\r\n<p><strong>Respect et coop\u00e9ration avec les autorit\u00e9s comp\u00e9tentes<\/strong><\/p>\r\n<p>Nous v\u00e9rifions r\u00e9guli\u00e8rement la conformit\u00e9 de notre politique avec la l\u00e9gislation en vigueur. Nous vous invitons \u00e0 nous faire part de vos suggestions, r\u00e9clamations ou questions\u00a0; le cas \u00e9ch\u00e9ant, nous vous contacterons personnellement pour y donner suite.<\/p>\r\n<p>Nous collaborons \u00e9galement avec toutes les autorit\u00e9s r\u00e9glementaires, y compris les autorit\u00e9s locales de protection des donn\u00e9es, afin de r\u00e9soudre les \u00e9ventuelles plaintes concernant le transfert de renseignements personnels si nous ne sommes pas en mesure de contacter directement nos utilisateurs.<\/p>\r\n<p>&nbsp;<\/p>\r\n<p><strong>Modifications apport\u00e9es \u00e0 la politique de confidentialit\u00e9<\/strong><\/p>\r\n<p>Notre politique de confidentialit\u00e9 peut \u00eatre modifi\u00e9e. Toutefois, nous ne porterons pas atteinte \u00e0 vos droits sans votre consentement \u00e9crit et nous vous informerons par \u00e9crit de toute modification, m\u00eame mineure, via notre page d&#039;accueil. Nous vous invitons \u00e0 consulter cette politique lors de chaque visite sur notre site.<\/p>\r\n<p>Pour plus d&#039;informations, veuillez nous contacter \u00e0 l&#039;adresse info@artugo.co.id<\/p>\r\n<\/div>","protected":false},"excerpt":{"rendered":"<p>Privacy Policy ARTUGO Privacy Policy ARTUGO is committed to protecting your private information while you are using our services, which [&hellip;]<\/p>\n","protected":false},"author":1,"featured_media":0,"parent":0,"menu_order":0,"comment_status":"closed","ping_status":"open","template":"","meta":{"site-sidebar-layout":"default","site-content-layout":"","ast-site-content-layout":"default","site-content-style":"default","site-sidebar-style":"default","ast-global-header-display":"","ast-banner-title-visibility":"","ast-main-header-display":"","ast-hfb-above-header-display":"","ast-hfb-below-header-display":"","ast-hfb-mobile-header-display":"","site-post-title":"","ast-breadcrumbs-content":"","ast-featured-img":"","footer-sml-layout":"","ast-disable-related-posts":"","theme-transparent-header-meta":"default","adv-header-id-meta":"","stick-header-meta":"default","header-above-stick-meta":"","header-main-stick-meta":"","header-below-stick-meta":"","astra-migrate-meta-layouts":"set","ast-page-background-enabled":"default","ast-page-background-meta":{"desktop":{"background-color":"var(--ast-global-color-5)","background-image":"","background-repeat":"repeat","background-position":"center center","background-size":"auto","background-attachment":"scroll","background-type":"","background-media":"","overlay-type":"","overlay-color":"","overlay-opacity":"","overlay-gradient":""},"tablet":{"background-color":"","background-image":"","background-repeat":"repeat","background-position":"center center","background-size":"auto","background-attachment":"scroll","background-type":"","background-media":"","overlay-type":"","overlay-color":"","overlay-opacity":"","overlay-gradient":""},"mobile":{"background-color":"","background-image":"","background-repeat":"repeat","background-position":"center center","background-size":"auto","background-attachment":"scroll","background-type":"","background-media":"","overlay-type":"","overlay-color":"","overlay-opacity":"","overlay-gradient":""}},"ast-content-background-meta":{"desktop":{"background-color":"var(--ast-global-color-4)","background-image":"","background-repeat":"repeat","background-position":"center center","background-size":"auto","background-attachment":"scroll","background-type":"","background-media":"","overlay-type":"","overlay-color":"","overlay-opacity":"","overlay-gradient":""},"tablet":{"background-color":"var(--ast-global-color-4)","background-image":"","background-repeat":"repeat","background-position":"center center","background-size":"auto","background-attachment":"scroll","background-type":"","background-media":"","overlay-type":"","overlay-color":"","overlay-opacity":"","overlay-gradient":""},"mobile":{"background-color":"var(--ast-global-color-4)","background-image":"","background-repeat":"repeat","background-position":"center center","background-size":"auto","background-attachment":"scroll","background-type":"","background-media":"","overlay-type":"","overlay-color":"","overlay-opacity":"","overlay-gradient":""}},"footnotes":""},"class_list":["post-3","page","type-page","status-publish","hentry"],"aioseo_notices":[],"_links":{"self":[{"href":"https:\/\/artugo.shop\/fr\/wp-json\/wp\/v2\/pages\/3","targetHints":{"allow":["GET"]}}],"collection":[{"href":"https:\/\/artugo.shop\/fr\/wp-json\/wp\/v2\/pages"}],"about":[{"href":"https:\/\/artugo.shop\/fr\/wp-json\/wp\/v2\/types\/page"}],"author":[{"embeddable":true,"href":"https:\/\/artugo.shop\/fr\/wp-json\/wp\/v2\/users\/1"}],"replies":[{"embeddable":true,"href":"https:\/\/artugo.shop\/fr\/wp-json\/wp\/v2\/comments?post=3"}],"version-history":[{"count":1,"href":"https:\/\/artugo.shop\/fr\/wp-json\/wp\/v2\/pages\/3\/revisions"}],"predecessor-version":[{"id":843,"href":"https:\/\/artugo.shop\/fr\/wp-json\/wp\/v2\/pages\/3\/revisions\/843"}],"wp:attachment":[{"href":"https:\/\/artugo.shop\/fr\/wp-json\/wp\/v2\/media?parent=3"}],"curies":[{"name":"wp","href":"https:\/\/api.w.org\/{rel}","templated":true}]}}