{"id":3,"date":"2026-03-27T03:54:41","date_gmt":"2026-03-27T03:54:41","guid":{"rendered":"http:\/\/artugo.shop\/?page_id=3"},"modified":"2026-03-31T13:20:50","modified_gmt":"2026-03-31T06:20:50","slug":"datenschutzrichtlinie","status":"publish","type":"page","link":"https:\/\/artugo.shop\/de\/privacy-policy\/","title":{"rendered":"Datenschutzrichtlinie"},"content":{"rendered":"<h1 class=\"wp-block-heading\">Datenschutzrichtlinie<\/h1>\r\n<div class=\"page-content\">\r\n<p><strong>ARTUGO-Datenschutzrichtlinie<\/strong><\/p>\r\n<p>ARTUGO verpflichtet sich, Ihre pers\u00f6nlichen Daten w\u00e4hrend der Nutzung unserer Dienste zu sch\u00fctzen. Dies umfasst unter anderem den Informationsaustausch, Anfragen und die Einrichtung einer allgemeinen Kommunikationsm\u00f6glichkeit \u00fcber unsere Plattform. Die Bestimmungen der Datenschutzrichtlinie (\u201cRichtlinie\u201d) gelten f\u00fcr alle auf unserer Plattform ver\u00f6ffentlichten Inhalte, sofern nichts anderes angegeben ist. Die Richtlinie legt au\u00dferdem fest, welche Art von Informationen wir erfassen, warum wir sie erfassen, wie wir sie verwenden, wer f\u00fcr die Erfassung und Nutzung Ihrer pers\u00f6nlichen Daten verantwortlich ist und wie Sie Ihre Daten aktuell halten k\u00f6nnen.<\/p>\r\n<p>Durch die Nutzung unserer Website erkl\u00e4ren Sie sich mit den Bestimmungen dieser Datenschutzrichtlinie einverstanden. Sollten Sie Fragen zu einzelnen Bestimmungen haben, k\u00f6nnen Sie sich gerne an uns wenden.<\/p>\r\n<p>Diese Website geh\u00f6rt ARTUGO Digital und ist weltweit zug\u00e4nglich. Wir sind alleiniger Verantwortlicher f\u00fcr die von uns erhobenen Daten. Der Schutz Ihrer Daten ist uns wichtig. Daher bitten wir Sie, sich unsere Datenschutzrichtlinie sorgf\u00e4ltig durchzulesen, da diese von den Gesetzen Ihres Landes abweichen oder weniger strenge Datenschutzbestimmungen bieten kann.<\/p>\r\n<p>&nbsp;<\/p>\r\n<p>&nbsp;<\/p>\r\n<p><strong>Informationen, die wir sammeln<\/strong><\/p>\r\n<p>Wir sammeln bestimmte Informationen, um allen unseren Nutzern bessere Dienste anbieten zu k\u00f6nnen. Dazu geh\u00f6ren unter anderem Verweisseiten, IP-Adresse, Browsertyp, Standardsprache und andere (komplexere) Informationen wie Ihr spezifisches Verhalten und Ihre Pr\u00e4ferenzen bei der Nutzung der Website.<\/p>\r\n<p><strong>Wir erfassen Informationen auf folgende Weise:<\/strong><\/p>\r\n<p>Freiwillige Angaben. Dies sind Informationen, die Sie uns zur Verf\u00fcgung stellen m\u00fcssen, um unsere Dienste weiterhin nutzen zu k\u00f6nnen. Dazu geh\u00f6ren beispielsweise Ihr Name, Ihre E-Mail-Adresse, Ihre Telefonnummer oder Ihre Kreditkarteninformationen. Sie k\u00f6nnen selbstverst\u00e4ndlich entscheiden, Ihre pers\u00f6nlichen Daten nicht anzugeben; in diesem Fall stehen Ihnen jedoch m\u00f6glicherweise bestimmte Dienste nicht zur Verf\u00fcgung. Ihre pers\u00f6nlichen Daten werden bei der Registrierung erfasst, k\u00f6nnen aber jederzeit nach Belieben ge\u00e4ndert werden.<\/p>\r\n<p>Ger\u00e4te. Wir verwenden den Begriff \u201cGer\u00e4te\u201d f\u00fcr Ihr Hardwaremodell, Ihr Betriebssystem (und dessen Version) sowie f\u00fcr andere Anwendungen auf Ihren Ger\u00e4ten, die online zug\u00e4nglich sind. Wir erfassen m\u00f6glicherweise Daten und Informationen \u00fcber die von Ihnen \u00fcber Ihre Ger\u00e4te genutzten Dienste, wie z. B. Ihren Standort, den lokalen Speicher usw.<\/p>\r\n<p>&nbsp;<\/p>\r\n<p><strong>Verwendung personenbezogener Daten<\/strong><\/p>\r\n<p>Dienste und Nutzererfahrung. Wir erfassen und nutzen Ihre personenbezogenen Daten, um unsere Dienste auf unserer Website bereitzustellen, sie zu warten, zu sch\u00fctzen und zu verbessern. Wir verwenden die Daten auch, um die Nutzererfahrung zu optimieren. Dazu f\u00fchren wir verschiedene Forschungs- und Analyseaktivit\u00e4ten durch, die uns helfen, die angezeigten Inhalte an Ihre Interessen und Pr\u00e4ferenzen anzupassen.<\/p>\r\n<p>Kommunikation. Wir nutzen Ihre personenbezogenen Daten auch, um mit Ihnen zu kommunizieren, beispielsweise wenn andere Nutzer Ihre Daten oder Ihr Konto auf unserer Plattform verwenden oder teilen. Wir senden Ihnen gegebenenfalls auch transaktionsbezogene Nachrichten wie Zahlungserinnerungen und Kaufbest\u00e4tigungen. Dar\u00fcber hinaus verwenden wir Ihre personenbezogenen Daten, um Sie \u00fcber unsere Marketingaktivit\u00e4ten (Umfragen) sowie \u00fcber aktualisierte Dienste und Funktionen zu informieren.<\/p>\r\n<p>Fehlerbehebung. Wir respektieren Ihre Einstellungen zur Einschr\u00e4nkung der Freigabe oder Sichtbarkeit Ihres Kontos. Wir speichern Ihre Kommunikation, um Ihnen bei eventuellen Problemen helfen zu k\u00f6nnen. Seien Sie jedoch versichert, dass wir Sie stets um Ihre Einwilligung bitten, bevor wir Ihre personenbezogenen Daten f\u00fcr andere als die in dieser Richtlinie festgelegten Zwecke verwenden.<\/p>\r\n<p>&nbsp;<\/p>\r\n<p><strong>Weitergabe pers\u00f6nlicher Informationen<\/strong><\/p>\r\n<p>Wir geben Ihre pers\u00f6nlichen Daten nur dann weiter, wenn dies in einem der folgenden F\u00e4lle erforderlich ist.<\/p>\r\n<p>Externe Verfahren. Wir k\u00f6nnen Ihre personenbezogenen Daten an Dritte weitergeben, die in unserem Auftrag Dienstleistungen erbringen. Dies k\u00f6nnen unsere verbundenen Unternehmen oder andere vertrauensw\u00fcrdige Unternehmen oder Personen sein. In diesem Fall verarbeiten diese die von uns erhobenen Daten. Beispiele hierf\u00fcr sind Unternehmen, die unsere Marketingdienstleistungen, Zahlungsabwicklung, Datenspeicherung, Website-Hosting oder andere Dienstleister \u00fcbernehmen, deren Expertise die Erstellung von Benutzeroberfl\u00e4chen, die Durchf\u00fchrung von Umfragen usw. umfasst. Die an Dritte weitergegebenen Daten werden ausschlie\u00dflich auf unsere Anweisung hin verarbeitet. Diese Dritten sind zur Vertraulichkeit verpflichtet und d\u00fcrfen die Daten nicht f\u00fcr andere Zwecke verwenden.<\/p>\r\n<p>Wir unterhalten mit jedem unserer Partner eine Geheimhaltungsvereinbarung und bestehen ausdr\u00fccklich darauf, dass diese unserer Datenschutzrichtlinie entspricht. Personenbezogene Daten k\u00f6nnen jedoch im Falle einer Fusion, \u00dcbernahme, eines Unternehmenskaufs oder einer Insolvenz offengelegt werden.<\/p>\r\n<p>Rechtliche Gr\u00fcnde. Wir behalten uns das Recht vor, Ihre personenbezogenen Daten offenzulegen, wenn dies gesetzlich vorgeschrieben ist. Wir werden Ihre Daten in gutem Glauben offenlegen, sofern wir dies zur Erf\u00fcllung rechtlicher Anforderungen, Verfahren und anderer vollstreckbarer Anfragen von Beh\u00f6rden f\u00fcr notwendig erachten. Dar\u00fcber hinaus k\u00f6nnen wir Ihre personenbezogenen Daten ausnahmsweise offenlegen, um die Rechte, das Eigentum oder die Sicherheit unseres Unternehmens, unserer Kunden, unserer Nutzer oder der \u00d6ffentlichkeit zu sch\u00fctzen, sofern dies gesetzlich vorgeschrieben ist.<\/p>\r\n<p>&nbsp;<\/p>\r\n<p><strong>Zugriff auf und Aktualisierung Ihrer pers\u00f6nlichen Daten<\/strong><\/p>\r\n<p>Sie k\u00f6nnen Ihre pers\u00f6nlichen Daten jederzeit auf unserer Website einsehen und bearbeiten. Bitte aktualisieren Sie Ihre Angaben nach Bedarf.<\/p>\r\n<p>Wir sind bestrebt, unsere Dienste so aufrechtzuerhalten, dass die Informationen vor schwerwiegender Zerst\u00f6rung gesch\u00fctzt sind. Daher l\u00f6schen wir m\u00f6glicherweise nicht sofort Restkopien der personenbezogenen Daten unserer Nutzer von unseren aktiven Servern und entfernen unter Umst\u00e4nden nicht alle Daten aus unserem Backup-System.<\/p>\r\n<p>&nbsp;<\/p>\r\n<p><strong>Cookies und andere Technologien<\/strong><\/p>\r\n<p>Wir (und unsere Partner) k\u00f6nnen verschiedene Technologien zur Erfassung und Speicherung von Informationen einsetzen, darunter die Verwendung von \u201cCookies\u201d und \u00e4hnlichen Datenerfassungsmethoden wie Pixel-Tags, Web Beacons usw., f\u00fcr bestimmte Zwecke, beispielsweise um Ihnen die Identifizierung Ihres Browsers oder Ihrer Ger\u00e4te zu erm\u00f6glichen, unsere Dienste zu abonnieren und die Benutzererfahrung zu personalisieren und zu verbessern.<\/p>\r\n<p>Wir nutzen diese Technologien auch, um Informationen zu sammeln und zu speichern, wenn Sie mit den Diensten interagieren, die wir unseren Partnern anbieten, oder mit anderen Funktionen, die auf unserer Website angezeigt werden.<\/p>\r\n<p>&nbsp;<\/p>\r\n<p><strong>Informationssicherheit<\/strong><\/p>\r\n<p>Wir behandeln Ihre pers\u00f6nlichen Daten mit gr\u00f6\u00dfter Sorgfalt. Daher wenden wir die branchen\u00fcblichen Standards zum Schutz Ihrer pers\u00f6nlichen Daten an. Wenn Sie beispielsweise sensible Daten in unserem Online-Registrierungsformular angeben, verschl\u00fcsseln wir diese mit SSL-Technologie (Secure Socket Layer). Es ist jedoch wichtig zu verstehen, dass keine der derzeit verf\u00fcgbaren Sicherheitsma\u00dfnahmen f\u00fcr Internetnutzer einen hundertprozentigen Schutz garantieren kann.<\/p>\r\n<p>Wir m\u00f6chten Sie au\u00dferdem daran erinnern, dass es allein in Ihrer Verantwortung liegt, Ihr Passwort geheim zu halten, um Ihr Konto und Ihre pers\u00f6nlichen Daten zu sch\u00fctzen.<\/p>\r\n<p>&nbsp;<\/p>\r\n<p><strong>Einhaltung und Zusammenarbeit mit den regul\u00e4ren Beh\u00f6rden<\/strong><\/p>\r\n<p>Wir \u00fcberpr\u00fcfen regelm\u00e4\u00dfig die Einhaltung unserer Richtlinien im Hinblick auf geltendes Recht. Wir freuen uns \u00fcber Ihre Anregungen, Beschwerden oder Fragen und werden uns in diesem Fall pers\u00f6nlich mit Ihnen in Verbindung setzen, um diese zu bearbeiten.<\/p>\r\n<p>Wir pflegen au\u00dferdem eine enge Zusammenarbeit mit allen Aufsichtsbeh\u00f6rden, einschlie\u00dflich der lokalen Datenschutzbeh\u00f6rden, um m\u00f6gliche Beschwerden bez\u00fcglich der \u00dcbermittlung personenbezogener Daten zu kl\u00e4ren, falls wir unsere Nutzer nicht direkt kontaktieren k\u00f6nnen.<\/p>\r\n<p>&nbsp;<\/p>\r\n<p><strong>\u00c4nderungen der Datenschutzrichtlinie<\/strong><\/p>\r\n<p>Unsere Datenschutzrichtlinie kann sich von Zeit zu Zeit \u00e4ndern. Wir werden Ihre Rechte jedoch niemals ohne Ihre schriftliche Zustimmung einschr\u00e4nken und Sie \u00fcber jede noch so kleine \u00c4nderung unserer Richtlinie auf unserer Homepage informieren. Wir empfehlen Ihnen, diese Richtlinie bei jedem Besuch unserer Website zu lesen.<\/p>\r\n<p>F\u00fcr weitere Informationen kontaktieren Sie uns bitte unter info@artugo.co.id<\/p>\r\n<\/div>","protected":false},"excerpt":{"rendered":"<p>Privacy Policy ARTUGO Privacy Policy ARTUGO is committed to protecting your private information while you are using our services, which [&hellip;]<\/p>\n","protected":false},"author":1,"featured_media":0,"parent":0,"menu_order":0,"comment_status":"closed","ping_status":"open","template":"","meta":{"site-sidebar-layout":"default","site-content-layout":"","ast-site-content-layout":"default","site-content-style":"default","site-sidebar-style":"default","ast-global-header-display":"","ast-banner-title-visibility":"","ast-main-header-display":"","ast-hfb-above-header-display":"","ast-hfb-below-header-display":"","ast-hfb-mobile-header-display":"","site-post-title":"","ast-breadcrumbs-content":"","ast-featured-img":"","footer-sml-layout":"","ast-disable-related-posts":"","theme-transparent-header-meta":"default","adv-header-id-meta":"","stick-header-meta":"default","header-above-stick-meta":"","header-main-stick-meta":"","header-below-stick-meta":"","astra-migrate-meta-layouts":"set","ast-page-background-enabled":"default","ast-page-background-meta":{"desktop":{"background-color":"var(--ast-global-color-5)","background-image":"","background-repeat":"repeat","background-position":"center center","background-size":"auto","background-attachment":"scroll","background-type":"","background-media":"","overlay-type":"","overlay-color":"","overlay-opacity":"","overlay-gradient":""},"tablet":{"background-color":"","background-image":"","background-repeat":"repeat","background-position":"center center","background-size":"auto","background-attachment":"scroll","background-type":"","background-media":"","overlay-type":"","overlay-color":"","overlay-opacity":"","overlay-gradient":""},"mobile":{"background-color":"","background-image":"","background-repeat":"repeat","background-position":"center center","background-size":"auto","background-attachment":"scroll","background-type":"","background-media":"","overlay-type":"","overlay-color":"","overlay-opacity":"","overlay-gradient":""}},"ast-content-background-meta":{"desktop":{"background-color":"var(--ast-global-color-4)","background-image":"","background-repeat":"repeat","background-position":"center center","background-size":"auto","background-attachment":"scroll","background-type":"","background-media":"","overlay-type":"","overlay-color":"","overlay-opacity":"","overlay-gradient":""},"tablet":{"background-color":"var(--ast-global-color-4)","background-image":"","background-repeat":"repeat","background-position":"center center","background-size":"auto","background-attachment":"scroll","background-type":"","background-media":"","overlay-type":"","overlay-color":"","overlay-opacity":"","overlay-gradient":""},"mobile":{"background-color":"var(--ast-global-color-4)","background-image":"","background-repeat":"repeat","background-position":"center center","background-size":"auto","background-attachment":"scroll","background-type":"","background-media":"","overlay-type":"","overlay-color":"","overlay-opacity":"","overlay-gradient":""}},"footnotes":""},"class_list":["post-3","page","type-page","status-publish","hentry"],"aioseo_notices":[],"_links":{"self":[{"href":"https:\/\/artugo.shop\/de\/wp-json\/wp\/v2\/pages\/3","targetHints":{"allow":["GET"]}}],"collection":[{"href":"https:\/\/artugo.shop\/de\/wp-json\/wp\/v2\/pages"}],"about":[{"href":"https:\/\/artugo.shop\/de\/wp-json\/wp\/v2\/types\/page"}],"author":[{"embeddable":true,"href":"https:\/\/artugo.shop\/de\/wp-json\/wp\/v2\/users\/1"}],"replies":[{"embeddable":true,"href":"https:\/\/artugo.shop\/de\/wp-json\/wp\/v2\/comments?post=3"}],"version-history":[{"count":1,"href":"https:\/\/artugo.shop\/de\/wp-json\/wp\/v2\/pages\/3\/revisions"}],"predecessor-version":[{"id":843,"href":"https:\/\/artugo.shop\/de\/wp-json\/wp\/v2\/pages\/3\/revisions\/843"}],"wp:attachment":[{"href":"https:\/\/artugo.shop\/de\/wp-json\/wp\/v2\/media?parent=3"}],"curies":[{"name":"wp","href":"https:\/\/api.w.org\/{rel}","templated":true}]}}